{"id":9989,"date":"2022-05-13T11:44:47","date_gmt":"2022-05-13T14:44:47","guid":{"rendered":"https:\/\/jasminealimentos.com\/pro\/?page_id=9989"},"modified":"2022-07-18T12:28:39","modified_gmt":"2022-07-18T15:28:39","slug":"adriana-zanardo","status":"publish","type":"page","link":"https:\/\/jasminealimentos.com\/pro\/adriana-zanardo\/","title":{"rendered":"Aspectos do microbioma intestinal no manejo nutricional da alopecia"},"content":{"rendered":"\t\t<div data-elementor-type=\"wp-page\" data-elementor-id=\"9989\" class=\"elementor elementor-9989\" data-elementor-post-type=\"page\">\n\t\t\t\t\t\t<section class=\"has_eae_slider elementor-section elementor-top-section elementor-element elementor-element-9128fc9 elementor-section-boxed elementor-section-height-default elementor-section-height-default\" data-id=\"9128fc9\" data-element_type=\"section\">\n\t\t\t\t\t\t<div class=\"elementor-container elementor-column-gap-default\">\n\t\t\t\t\t<div class=\"has_eae_slider elementor-column elementor-col-100 elementor-top-column elementor-element elementor-element-940132b\" data-id=\"940132b\" data-element_type=\"column\">\n\t\t\t<div class=\"elementor-widget-wrap elementor-element-populated\">\n\t\t\t\t\t\t<div class=\"elementor-element elementor-element-d1d4475 elementor-widget elementor-widget-heading\" data-id=\"d1d4475\" data-element_type=\"widget\" data-widget_type=\"heading.default\">\n\t\t\t\t<div class=\"elementor-widget-container\">\n\t\t\t\t\t<h2 class=\"elementor-heading-title elementor-size-default\">COLUNISTAS CONVIDADOS JASMINE:<br>\nCONTE\u00daDOS ESPECIAIS PARA AUXILIAR A SUA PR\u00c1TICA CL\u00cdNICA.\u200b<\/h2>\t\t\t\t<\/div>\n\t\t\t\t<\/div>\n\t\t\t\t\t<\/div>\n\t\t<\/div>\n\t\t\t\t\t<\/div>\n\t\t<\/section>\n\t\t\t\t<section class=\"has_eae_slider elementor-section elementor-top-section elementor-element elementor-element-f97dad8 elementor-hidden-desktop elementor-hidden-tablet elementor-section-boxed elementor-section-height-default elementor-section-height-default\" data-dce-background-color=\"#C6152B\" data-id=\"f97dad8\" data-element_type=\"section\" data-settings=\"{&quot;background_background&quot;:&quot;classic&quot;}\">\n\t\t\t\t\t\t<div class=\"elementor-container elementor-column-gap-default\">\n\t\t\t\t\t<div class=\"has_eae_slider elementor-column elementor-col-100 elementor-top-column elementor-element elementor-element-5c32d3c\" data-id=\"5c32d3c\" data-element_type=\"column\">\n\t\t\t<div class=\"elementor-widget-wrap elementor-element-populated\">\n\t\t\t\t\t\t<div class=\"elementor-element elementor-element-6f612e8 dce_masking-none elementor-widget elementor-widget-image\" data-id=\"6f612e8\" data-element_type=\"widget\" data-widget_type=\"image.default\">\n\t\t\t\t<div class=\"elementor-widget-container\">\n\t\t\t\t\t\t\t\t\t\t\t\t\t\t\t<img decoding=\"async\" width=\"189\" height=\"189\" src=\"https:\/\/jasminealimentos.com\/pro\/wp-content\/uploads\/2022\/05\/convidada-jasmine.png\" class=\"attachment-large size-large wp-image-9991\" alt=\"\" srcset=\"https:\/\/jasminealimentos.com\/pro\/wp-content\/uploads\/2022\/05\/convidada-jasmine.png 189w, https:\/\/jasminealimentos.com\/pro\/wp-content\/uploads\/2022\/05\/convidada-jasmine-100x100.png 100w, https:\/\/jasminealimentos.com\/pro\/wp-content\/uploads\/2022\/05\/convidada-jasmine-150x150.png 150w, https:\/\/jasminealimentos.com\/pro\/wp-content\/uploads\/2022\/05\/elementor\/thumbs\/convidada-jasmine-150x150.png 1000w\" sizes=\"(max-width: 189px) 100vw, 189px\" \/>\t\t\t\t\t\t\t\t\t\t\t\t\t\t\t<\/div>\n\t\t\t\t<\/div>\n\t\t\t\t<div class=\"elementor-element elementor-element-e02c911 elementor-widget elementor-widget-heading\" data-id=\"e02c911\" data-element_type=\"widget\" data-widget_type=\"heading.default\">\n\t\t\t\t<div class=\"elementor-widget-container\">\n\t\t\t\t\t<h2 class=\"elementor-heading-title elementor-size-default\"><b>Adriana Zanardo<\/b> | CRN \u2013 3: 37852<\/h2>\t\t\t\t<\/div>\n\t\t\t\t<\/div>\n\t\t\t\t<div class=\"elementor-element elementor-element-587d8d6 elementor-widget elementor-widget-text-editor\" data-id=\"587d8d6\" data-element_type=\"widget\" data-widget_type=\"text-editor.default\">\n\t\t\t\t<div class=\"elementor-widget-container\">\n\t\t\t\t\t\t\t\t\t<p>\u2022 Graduada em Nutri\u00e7\u00e3o pelo Centro Universit\u00e1rio S\u00e3o Camilo<br \/>\u2022 P\u00f3s graduada em Nutri\u00e7\u00e3o Cl\u00ednica pelo GANEP<br \/>\u2022 P\u00f3s graduada em Nutri\u00e7\u00e3o Cl\u00ednica Funcional pela VP Centro de Nutri\u00e7\u00e3o Funcional<\/p>\t\t\t\t\t\t\t\t<\/div>\n\t\t\t\t<\/div>\n\t\t\t\t\t<\/div>\n\t\t<\/div>\n\t\t\t\t\t<\/div>\n\t\t<\/section>\n\t\t\t\t<section class=\"has_eae_slider elementor-section elementor-top-section elementor-element elementor-element-322a1de elementor-section-full_width elementor-hidden-mobile elementor-section-height-default elementor-section-height-default\" data-id=\"322a1de\" data-element_type=\"section\">\n\t\t\t\t\t\t<div class=\"elementor-container elementor-column-gap-default\">\n\t\t\t\t\t<div class=\"has_eae_slider elementor-column elementor-col-100 elementor-top-column elementor-element elementor-element-bea28fc\" data-id=\"bea28fc\" data-element_type=\"column\">\n\t\t\t<div class=\"elementor-widget-wrap elementor-element-populated\">\n\t\t\t\t\t\t<section class=\"has_eae_slider elementor-section elementor-inner-section elementor-element elementor-element-6ad29bb elementor-section-boxed elementor-section-height-default elementor-section-height-default\" data-id=\"6ad29bb\" data-element_type=\"section\">\n\t\t\t\t\t\t<div class=\"elementor-container elementor-column-gap-default\">\n\t\t\t\t\t<div class=\"has_eae_slider elementor-column elementor-col-50 elementor-inner-column elementor-element elementor-element-3614e32\" data-dce-background-color=\"#C6152B\" data-id=\"3614e32\" data-element_type=\"column\" data-settings=\"{&quot;background_background&quot;:&quot;classic&quot;}\">\n\t\t\t<div class=\"elementor-widget-wrap elementor-element-populated\">\n\t\t\t\t\t\t<div class=\"elementor-element elementor-element-173564c dce_masking-none elementor-widget elementor-widget-image\" data-id=\"173564c\" data-element_type=\"widget\" data-widget_type=\"image.default\">\n\t\t\t\t<div class=\"elementor-widget-container\">\n\t\t\t\t\t\t\t\t\t\t\t\t\t\t\t<img decoding=\"async\" width=\"189\" height=\"189\" src=\"https:\/\/jasminealimentos.com\/pro\/wp-content\/uploads\/2022\/05\/convidada-jasmine.png\" class=\"attachment-large size-large wp-image-9991\" alt=\"\" srcset=\"https:\/\/jasminealimentos.com\/pro\/wp-content\/uploads\/2022\/05\/convidada-jasmine.png 189w, https:\/\/jasminealimentos.com\/pro\/wp-content\/uploads\/2022\/05\/convidada-jasmine-100x100.png 100w, https:\/\/jasminealimentos.com\/pro\/wp-content\/uploads\/2022\/05\/convidada-jasmine-150x150.png 150w, https:\/\/jasminealimentos.com\/pro\/wp-content\/uploads\/2022\/05\/elementor\/thumbs\/convidada-jasmine-150x150.png 1000w\" sizes=\"(max-width: 189px) 100vw, 189px\" \/>\t\t\t\t\t\t\t\t\t\t\t\t\t\t\t<\/div>\n\t\t\t\t<\/div>\n\t\t\t\t\t<\/div>\n\t\t<\/div>\n\t\t\t\t<div class=\"has_eae_slider elementor-column elementor-col-50 elementor-inner-column elementor-element elementor-element-d214d9e\" data-dce-background-color=\"#C6152B\" data-id=\"d214d9e\" data-element_type=\"column\" data-settings=\"{&quot;background_background&quot;:&quot;classic&quot;}\">\n\t\t\t<div class=\"elementor-widget-wrap elementor-element-populated\">\n\t\t\t\t\t\t<div class=\"elementor-element elementor-element-41c1834 elementor-widget elementor-widget-heading\" data-id=\"41c1834\" data-element_type=\"widget\" data-widget_type=\"heading.default\">\n\t\t\t\t<div class=\"elementor-widget-container\">\n\t\t\t\t\t<h2 class=\"elementor-heading-title elementor-size-default\"><b>Adriana Zanardo<\/b> | CRN \u2013 3: 37852<\/h2>\t\t\t\t<\/div>\n\t\t\t\t<\/div>\n\t\t\t\t<div class=\"elementor-element elementor-element-3980d76 elementor-widget elementor-widget-text-editor\" data-id=\"3980d76\" data-element_type=\"widget\" data-widget_type=\"text-editor.default\">\n\t\t\t\t<div class=\"elementor-widget-container\">\n\t\t\t\t\t\t\t\t\t<p>\u2022 Graduada em Nutri\u00e7\u00e3o pelo Centro Universit\u00e1rio S\u00e3o Camilo<br \/>\u2022 P\u00f3s graduada em Nutri\u00e7\u00e3o Cl\u00ednica pelo GANEP<br \/>\u2022 P\u00f3s graduada em Nutri\u00e7\u00e3o Cl\u00ednica Funcional pela VP Centro de Nutri\u00e7\u00e3o Funcional<\/p>\t\t\t\t\t\t\t\t<\/div>\n\t\t\t\t<\/div>\n\t\t\t\t\t<\/div>\n\t\t<\/div>\n\t\t\t\t\t<\/div>\n\t\t<\/section>\n\t\t\t\t\t<\/div>\n\t\t<\/div>\n\t\t\t\t\t<\/div>\n\t\t<\/section>\n\t\t\t\t<section class=\"has_eae_slider elementor-section elementor-top-section elementor-element elementor-element-82bc8c2 elementor-section-boxed elementor-section-height-default elementor-section-height-default\" data-id=\"82bc8c2\" data-element_type=\"section\">\n\t\t\t\t\t\t<div class=\"elementor-container elementor-column-gap-default\">\n\t\t\t\t\t<div class=\"has_eae_slider elementor-column elementor-col-100 elementor-top-column elementor-element elementor-element-205d7cc\" data-id=\"205d7cc\" data-element_type=\"column\">\n\t\t\t<div class=\"elementor-widget-wrap elementor-element-populated\">\n\t\t\t\t\t\t<div class=\"elementor-element elementor-element-8e933e5 dce_masking-none elementor-widget elementor-widget-image\" data-id=\"8e933e5\" data-element_type=\"widget\" data-widget_type=\"image.default\">\n\t\t\t\t<div class=\"elementor-widget-container\">\n\t\t\t\t\t\t\t\t\t\t\t\t\t\t\t<img fetchpriority=\"high\" decoding=\"async\" width=\"956\" height=\"471\" src=\"https:\/\/jasminealimentos.com\/pro\/wp-content\/uploads\/2022\/06\/Ativo-1.png\" class=\"attachment-full size-full wp-image-11367\" alt=\"\" srcset=\"https:\/\/jasminealimentos.com\/pro\/wp-content\/uploads\/2022\/06\/Ativo-1.png 956w, https:\/\/jasminealimentos.com\/pro\/wp-content\/uploads\/2022\/06\/Ativo-1-300x148.png 300w, https:\/\/jasminealimentos.com\/pro\/wp-content\/uploads\/2022\/06\/Ativo-1-768x378.png 768w, https:\/\/jasminealimentos.com\/pro\/wp-content\/uploads\/2022\/06\/Ativo-1-600x296.png 600w\" sizes=\"(max-width: 956px) 100vw, 956px\" \/>\t\t\t\t\t\t\t\t\t\t\t\t\t\t\t<\/div>\n\t\t\t\t<\/div>\n\t\t\t\t<div class=\"elementor-element elementor-element-5c7a71e elementor-widget elementor-widget-heading\" data-id=\"5c7a71e\" data-element_type=\"widget\" data-widget_type=\"heading.default\">\n\t\t\t\t<div class=\"elementor-widget-container\">\n\t\t\t\t\t<h2 class=\"elementor-heading-title elementor-size-default\">Aspectos do microbioma intestinal no manejo nutricional da alopecia<\/h2>\t\t\t\t<\/div>\n\t\t\t\t<\/div>\n\t\t\t\t\t<\/div>\n\t\t<\/div>\n\t\t\t\t\t<\/div>\n\t\t<\/section>\n\t\t\t\t<section class=\"has_eae_slider elementor-section elementor-top-section elementor-element elementor-element-57157b2 elementor-section-boxed elementor-section-height-default elementor-section-height-default\" data-id=\"57157b2\" data-element_type=\"section\">\n\t\t\t\t\t\t<div class=\"elementor-container elementor-column-gap-default\">\n\t\t\t\t\t<div class=\"has_eae_slider elementor-column elementor-col-100 elementor-top-column elementor-element elementor-element-bca458a\" data-id=\"bca458a\" data-element_type=\"column\">\n\t\t\t<div class=\"elementor-widget-wrap elementor-element-populated\">\n\t\t\t\t\t\t<div class=\"elementor-element elementor-element-230a87d elementor-widget elementor-widget-text-editor\" data-id=\"230a87d\" data-element_type=\"widget\" data-widget_type=\"text-editor.default\">\n\t\t\t\t<div class=\"elementor-widget-container\">\n\t\t\t\t\t\t\t\t\t<p style=\"text-align: center;\">O efl\u00favio tel\u00f3geno \u00e9 um dist\u00farbio do couro cabeludo caracterizado pela queda capilar em v\u00e1rios pontos da cabe\u00e7a e n\u00e3o \u00e9 cicatricial, ou seja, o fio pode voltar a crescer no fol\u00edculo. Sua natureza \u00e9 multifatorial e pode envolver fatores inflamat\u00f3rios, gen\u00e9ticos, ambientais e\/ou hormonais; variando de indiv\u00edduo para indiv\u00edduo, como tamb\u00e9m ao longo da vida (ASGHAR et al., 2020; CHENG et al., 2021).<\/p>\t\t\t\t\t\t\t\t<\/div>\n\t\t\t\t<\/div>\n\t\t\t\t\t<\/div>\n\t\t<\/div>\n\t\t\t\t\t<\/div>\n\t\t<\/section>\n\t\t\t\t<section class=\"has_eae_slider elementor-section elementor-top-section elementor-element elementor-element-51a66be elementor-section-boxed elementor-section-height-default elementor-section-height-default\" data-id=\"51a66be\" data-element_type=\"section\">\n\t\t\t\t\t\t<div class=\"elementor-container elementor-column-gap-default\">\n\t\t\t\t\t<div class=\"has_eae_slider elementor-column elementor-col-100 elementor-top-column elementor-element elementor-element-00516b2\" data-id=\"00516b2\" data-element_type=\"column\">\n\t\t\t<div class=\"elementor-widget-wrap elementor-element-populated\">\n\t\t\t\t\t\t<div class=\"elementor-element elementor-element-290d48f elementor-widget elementor-widget-heading\" data-id=\"290d48f\" data-element_type=\"widget\" data-widget_type=\"heading.default\">\n\t\t\t\t<div class=\"elementor-widget-container\">\n\t\t\t\t\t<div class=\"elementor-heading-title elementor-size-default\">Cadastre-se gr\u00e1tis!<\/div>\t\t\t\t<\/div>\n\t\t\t\t<\/div>\n\t\t\t\t<div class=\"elementor-element elementor-element-aa43990 elementor-widget elementor-widget-heading\" data-id=\"aa43990\" data-element_type=\"widget\" data-widget_type=\"heading.default\">\n\t\t\t\t<div class=\"elementor-widget-container\">\n\t\t\t\t\t<div class=\"elementor-heading-title elementor-size-default\">Tenha acesso a este conte\u00fado completo e muito mais!<\/div>\t\t\t\t<\/div>\n\t\t\t\t<\/div>\n\t\t\t\t<section class=\"has_eae_slider elementor-section elementor-inner-section elementor-element elementor-element-37bdf36 elementor-section-boxed elementor-section-height-default elementor-section-height-default\" data-id=\"37bdf36\" data-element_type=\"section\">\n\t\t\t\t\t\t<div class=\"elementor-container elementor-column-gap-default\">\n\t\t\t\t\t<div class=\"has_eae_slider elementor-column elementor-col-50 elementor-inner-column elementor-element elementor-element-f4dff0d\" data-id=\"f4dff0d\" data-element_type=\"column\">\n\t\t\t<div class=\"elementor-widget-wrap elementor-element-populated\">\n\t\t\t\t\t\t<div class=\"elementor-element elementor-element-8fafe69 elementor-align-right elementor-mobile-align-center elementor-widget elementor-widget-button\" data-id=\"8fafe69\" data-element_type=\"widget\" data-widget_type=\"button.default\">\n\t\t\t\t<div class=\"elementor-widget-container\">\n\t\t\t\t\t\t\t\t\t<div class=\"elementor-button-wrapper\">\n\t\t\t\t\t<a class=\"elementor-button elementor-button-link elementor-size-sm\" href=\"https:\/\/jasminealimentos.com\/pro\/cadastre-se\/\">\n\t\t\t\t\t\t<span class=\"elementor-button-content-wrapper\">\n\t\t\t\t\t\t\t\t\t<span class=\"elementor-button-text\">CADASTRAR<\/span>\n\t\t\t\t\t<\/span>\n\t\t\t\t\t<\/a>\n\t\t\t\t<\/div>\n\t\t\t\t\t\t\t\t<\/div>\n\t\t\t\t<\/div>\n\t\t\t\t\t<\/div>\n\t\t<\/div>\n\t\t\t\t<div class=\"has_eae_slider elementor-column elementor-col-50 elementor-inner-column elementor-element elementor-element-8e8333e\" data-id=\"8e8333e\" data-element_type=\"column\">\n\t\t\t<div class=\"elementor-widget-wrap elementor-element-populated\">\n\t\t\t\t\t\t<div class=\"elementor-element elementor-element-6057dec elementor-align-left elementor-mobile-align-center elementor-widget elementor-widget-button\" data-id=\"6057dec\" data-element_type=\"widget\" data-widget_type=\"button.default\">\n\t\t\t\t<div class=\"elementor-widget-container\">\n\t\t\t\t\t\t\t\t\t<div class=\"elementor-button-wrapper\">\n\t\t\t\t\t<a class=\"elementor-button elementor-button-link elementor-size-sm\" href=\"https:\/\/jasminealimentos.com\/pro\/login\/\">\n\t\t\t\t\t\t<span class=\"elementor-button-content-wrapper\">\n\t\t\t\t\t\t\t\t\t<span class=\"elementor-button-text\">LOGIN<\/span>\n\t\t\t\t\t<\/span>\n\t\t\t\t\t<\/a>\n\t\t\t\t<\/div>\n\t\t\t\t\t\t\t\t<\/div>\n\t\t\t\t<\/div>\n\t\t\t\t\t<\/div>\n\t\t<\/div>\n\t\t\t\t\t<\/div>\n\t\t<\/section>\n\t\t\t\t\t<\/div>\n\t\t<\/div>\n\t\t\t\t\t<\/div>\n\t\t<\/section>\n\t\t\t\t<\/div>\n\t\t","protected":false},"excerpt":{"rendered":"<p>COLUNISTAS CONVIDADOS JASMINE: CONTE\u00daDOS ESPECIAIS PARA AUXILIAR A SUA PR\u00c1TICA CL\u00cdNICA.\u200b Adriana Zanardo | CRN \u2013 3: 37852 \u2022 Graduada em Nutri\u00e7\u00e3o pelo Centro Universit\u00e1rio S\u00e3o Camilo\u2022 P\u00f3s graduada em Nutri\u00e7\u00e3o Cl\u00ednica pelo GANEP\u2022 P\u00f3s graduada em Nutri\u00e7\u00e3o Cl\u00ednica Funcional pela VP Centro de Nutri\u00e7\u00e3o Funcional Adriana Zanardo | CRN \u2013 3: 37852 \u2022 Graduada [&hellip;]<\/p>\n","protected":false},"author":2,"featured_media":0,"parent":0,"menu_order":0,"comment_status":"closed","ping_status":"closed","template":"elementor_header_footer","meta":{"footnotes":""},"class_list":["post-9989","page","type-page","status-publish","hentry"],"yoast_head":"<!-- This site is optimized with the Yoast SEO plugin v25.0 - https:\/\/yoast.com\/wordpress\/plugins\/seo\/ -->\n<title>Aspectos do microbioma intestinal no manejo nutricional da alopecia - Portal Jasmine Pro<\/title>\n<meta name=\"robots\" content=\"index, follow, max-snippet:-1, max-image-preview:large, max-video-preview:-1\" \/>\n<link rel=\"canonical\" href=\"https:\/\/jasminealimentos.com\/pro\/adriana-zanardo\/\" \/>\n<meta property=\"og:locale\" content=\"pt_BR\" \/>\n<meta property=\"og:type\" content=\"article\" \/>\n<meta property=\"og:title\" content=\"Aspectos do microbioma intestinal no manejo nutricional da alopecia - Portal Jasmine Pro\" \/>\n<meta property=\"og:description\" content=\"COLUNISTAS CONVIDADOS JASMINE: CONTE\u00daDOS ESPECIAIS PARA AUXILIAR A SUA PR\u00c1TICA CL\u00cdNICA.\u200b Adriana Zanardo | CRN \u2013 3: 37852 \u2022 Graduada em Nutri\u00e7\u00e3o pelo Centro Universit\u00e1rio S\u00e3o Camilo\u2022 P\u00f3s graduada em Nutri\u00e7\u00e3o Cl\u00ednica pelo GANEP\u2022 P\u00f3s graduada em Nutri\u00e7\u00e3o Cl\u00ednica Funcional pela VP Centro de Nutri\u00e7\u00e3o Funcional Adriana Zanardo | CRN \u2013 3: 37852 \u2022 Graduada [&hellip;]\" \/>\n<meta property=\"og:url\" content=\"https:\/\/jasminealimentos.com\/pro\/adriana-zanardo\/\" \/>\n<meta property=\"og:site_name\" content=\"Portal Jasmine Pro\" \/>\n<meta property=\"article:modified_time\" content=\"2022-07-18T15:28:39+00:00\" \/>\n<meta property=\"og:image\" content=\"https:\/\/jasminealimentos.com\/pro\/wp-content\/uploads\/2022\/05\/convidada-jasmine.png\" \/>\n<meta name=\"twitter:card\" content=\"summary_large_image\" \/>\n<meta name=\"twitter:label1\" content=\"Est. tempo de leitura\" \/>\n\t<meta name=\"twitter:data1\" content=\"6 minutos\" \/>\n<script type=\"application\/ld+json\" class=\"yoast-schema-graph\">{\"@context\":\"https:\/\/schema.org\",\"@graph\":[{\"@type\":\"WebPage\",\"@id\":\"https:\/\/jasminealimentos.com\/pro\/adriana-zanardo\/\",\"url\":\"https:\/\/jasminealimentos.com\/pro\/adriana-zanardo\/\",\"name\":\"Aspectos do microbioma intestinal no manejo nutricional da alopecia - Portal Jasmine Pro\",\"isPartOf\":{\"@id\":\"https:\/\/jasminealimentos.com\/pro\/#website\"},\"primaryImageOfPage\":{\"@id\":\"https:\/\/jasminealimentos.com\/pro\/adriana-zanardo\/#primaryimage\"},\"image\":{\"@id\":\"https:\/\/jasminealimentos.com\/pro\/adriana-zanardo\/#primaryimage\"},\"thumbnailUrl\":\"https:\/\/jasminealimentos.com\/pro\/wp-content\/uploads\/2022\/05\/convidada-jasmine.png\",\"datePublished\":\"2022-05-13T14:44:47+00:00\",\"dateModified\":\"2022-07-18T15:28:39+00:00\",\"breadcrumb\":{\"@id\":\"https:\/\/jasminealimentos.com\/pro\/adriana-zanardo\/#breadcrumb\"},\"inLanguage\":\"pt-BR\",\"potentialAction\":[{\"@type\":\"ReadAction\",\"target\":[\"https:\/\/jasminealimentos.com\/pro\/adriana-zanardo\/\"]}]},{\"@type\":\"ImageObject\",\"inLanguage\":\"pt-BR\",\"@id\":\"https:\/\/jasminealimentos.com\/pro\/adriana-zanardo\/#primaryimage\",\"url\":\"https:\/\/jasminealimentos.com\/pro\/wp-content\/uploads\/2022\/05\/convidada-jasmine.png\",\"contentUrl\":\"https:\/\/jasminealimentos.com\/pro\/wp-content\/uploads\/2022\/05\/convidada-jasmine.png\",\"width\":189,\"height\":189},{\"@type\":\"BreadcrumbList\",\"@id\":\"https:\/\/jasminealimentos.com\/pro\/adriana-zanardo\/#breadcrumb\",\"itemListElement\":[{\"@type\":\"ListItem\",\"position\":1,\"name\":\"In\u00edcio\",\"item\":\"https:\/\/jasminealimentos.com\/pro\/\"},{\"@type\":\"ListItem\",\"position\":2,\"name\":\"Aspectos do microbioma intestinal no manejo nutricional da alopecia\"}]},{\"@type\":\"WebSite\",\"@id\":\"https:\/\/jasminealimentos.com\/pro\/#website\",\"url\":\"https:\/\/jasminealimentos.com\/pro\/\",\"name\":\"Portal Jasmine Pro\",\"description\":\"Novo Portal Cient\u00edfico\",\"publisher\":{\"@id\":\"https:\/\/jasminealimentos.com\/pro\/#organization\"},\"potentialAction\":[{\"@type\":\"SearchAction\",\"target\":{\"@type\":\"EntryPoint\",\"urlTemplate\":\"https:\/\/jasminealimentos.com\/pro\/?s={search_term_string}\"},\"query-input\":{\"@type\":\"PropertyValueSpecification\",\"valueRequired\":true,\"valueName\":\"search_term_string\"}}],\"inLanguage\":\"pt-BR\"},{\"@type\":\"Organization\",\"@id\":\"https:\/\/jasminealimentos.com\/pro\/#organization\",\"name\":\"Portal Jasmine Pro\",\"url\":\"https:\/\/jasminealimentos.com\/pro\/\",\"logo\":{\"@type\":\"ImageObject\",\"inLanguage\":\"pt-BR\",\"@id\":\"https:\/\/jasminealimentos.com\/pro\/#\/schema\/logo\/image\/\",\"url\":\"https:\/\/jasminealimentos.com\/pro\/wp-content\/uploads\/2021\/05\/Grupo-3.png\",\"contentUrl\":\"https:\/\/jasminealimentos.com\/pro\/wp-content\/uploads\/2021\/05\/Grupo-3.png\",\"width\":178,\"height\":47,\"caption\":\"Portal Jasmine Pro\"},\"image\":{\"@id\":\"https:\/\/jasminealimentos.com\/pro\/#\/schema\/logo\/image\/\"}}]}<\/script>\n<!-- \/ Yoast SEO plugin. -->","yoast_head_json":{"title":"Aspectos do microbioma intestinal no manejo nutricional da alopecia - Portal Jasmine Pro","robots":{"index":"index","follow":"follow","max-snippet":"max-snippet:-1","max-image-preview":"max-image-preview:large","max-video-preview":"max-video-preview:-1"},"canonical":"https:\/\/jasminealimentos.com\/pro\/adriana-zanardo\/","og_locale":"pt_BR","og_type":"article","og_title":"Aspectos do microbioma intestinal no manejo nutricional da alopecia - Portal Jasmine Pro","og_description":"COLUNISTAS CONVIDADOS JASMINE: CONTE\u00daDOS ESPECIAIS PARA AUXILIAR A SUA PR\u00c1TICA CL\u00cdNICA.\u200b Adriana Zanardo | CRN \u2013 3: 37852 \u2022 Graduada em Nutri\u00e7\u00e3o pelo Centro Universit\u00e1rio S\u00e3o Camilo\u2022 P\u00f3s graduada em Nutri\u00e7\u00e3o Cl\u00ednica pelo GANEP\u2022 P\u00f3s graduada em Nutri\u00e7\u00e3o Cl\u00ednica Funcional pela VP Centro de Nutri\u00e7\u00e3o Funcional Adriana Zanardo | CRN \u2013 3: 37852 \u2022 Graduada [&hellip;]","og_url":"https:\/\/jasminealimentos.com\/pro\/adriana-zanardo\/","og_site_name":"Portal Jasmine Pro","article_modified_time":"2022-07-18T15:28:39+00:00","og_image":[{"url":"https:\/\/jasminealimentos.com\/pro\/wp-content\/uploads\/2022\/05\/convidada-jasmine.png","type":"","width":"","height":""}],"twitter_card":"summary_large_image","twitter_misc":{"Est. tempo de leitura":"6 minutos"},"schema":{"@context":"https:\/\/schema.org","@graph":[{"@type":"WebPage","@id":"https:\/\/jasminealimentos.com\/pro\/adriana-zanardo\/","url":"https:\/\/jasminealimentos.com\/pro\/adriana-zanardo\/","name":"Aspectos do microbioma intestinal no manejo nutricional da alopecia - Portal Jasmine Pro","isPartOf":{"@id":"https:\/\/jasminealimentos.com\/pro\/#website"},"primaryImageOfPage":{"@id":"https:\/\/jasminealimentos.com\/pro\/adriana-zanardo\/#primaryimage"},"image":{"@id":"https:\/\/jasminealimentos.com\/pro\/adriana-zanardo\/#primaryimage"},"thumbnailUrl":"https:\/\/jasminealimentos.com\/pro\/wp-content\/uploads\/2022\/05\/convidada-jasmine.png","datePublished":"2022-05-13T14:44:47+00:00","dateModified":"2022-07-18T15:28:39+00:00","breadcrumb":{"@id":"https:\/\/jasminealimentos.com\/pro\/adriana-zanardo\/#breadcrumb"},"inLanguage":"pt-BR","potentialAction":[{"@type":"ReadAction","target":["https:\/\/jasminealimentos.com\/pro\/adriana-zanardo\/"]}]},{"@type":"ImageObject","inLanguage":"pt-BR","@id":"https:\/\/jasminealimentos.com\/pro\/adriana-zanardo\/#primaryimage","url":"https:\/\/jasminealimentos.com\/pro\/wp-content\/uploads\/2022\/05\/convidada-jasmine.png","contentUrl":"https:\/\/jasminealimentos.com\/pro\/wp-content\/uploads\/2022\/05\/convidada-jasmine.png","width":189,"height":189},{"@type":"BreadcrumbList","@id":"https:\/\/jasminealimentos.com\/pro\/adriana-zanardo\/#breadcrumb","itemListElement":[{"@type":"ListItem","position":1,"name":"In\u00edcio","item":"https:\/\/jasminealimentos.com\/pro\/"},{"@type":"ListItem","position":2,"name":"Aspectos do microbioma intestinal no manejo nutricional da alopecia"}]},{"@type":"WebSite","@id":"https:\/\/jasminealimentos.com\/pro\/#website","url":"https:\/\/jasminealimentos.com\/pro\/","name":"Portal Jasmine Pro","description":"Novo Portal Cient\u00edfico","publisher":{"@id":"https:\/\/jasminealimentos.com\/pro\/#organization"},"potentialAction":[{"@type":"SearchAction","target":{"@type":"EntryPoint","urlTemplate":"https:\/\/jasminealimentos.com\/pro\/?s={search_term_string}"},"query-input":{"@type":"PropertyValueSpecification","valueRequired":true,"valueName":"search_term_string"}}],"inLanguage":"pt-BR"},{"@type":"Organization","@id":"https:\/\/jasminealimentos.com\/pro\/#organization","name":"Portal Jasmine Pro","url":"https:\/\/jasminealimentos.com\/pro\/","logo":{"@type":"ImageObject","inLanguage":"pt-BR","@id":"https:\/\/jasminealimentos.com\/pro\/#\/schema\/logo\/image\/","url":"https:\/\/jasminealimentos.com\/pro\/wp-content\/uploads\/2021\/05\/Grupo-3.png","contentUrl":"https:\/\/jasminealimentos.com\/pro\/wp-content\/uploads\/2021\/05\/Grupo-3.png","width":178,"height":47,"caption":"Portal Jasmine Pro"},"image":{"@id":"https:\/\/jasminealimentos.com\/pro\/#\/schema\/logo\/image\/"}}]}},"_links":{"self":[{"href":"https:\/\/jasminealimentos.com\/pro\/wp-json\/wp\/v2\/pages\/9989","targetHints":{"allow":["GET"]}}],"collection":[{"href":"https:\/\/jasminealimentos.com\/pro\/wp-json\/wp\/v2\/pages"}],"about":[{"href":"https:\/\/jasminealimentos.com\/pro\/wp-json\/wp\/v2\/types\/page"}],"author":[{"embeddable":true,"href":"https:\/\/jasminealimentos.com\/pro\/wp-json\/wp\/v2\/users\/2"}],"replies":[{"embeddable":true,"href":"https:\/\/jasminealimentos.com\/pro\/wp-json\/wp\/v2\/comments?post=9989"}],"version-history":[{"count":0,"href":"https:\/\/jasminealimentos.com\/pro\/wp-json\/wp\/v2\/pages\/9989\/revisions"}],"wp:attachment":[{"href":"https:\/\/jasminealimentos.com\/pro\/wp-json\/wp\/v2\/media?parent=9989"}],"curies":[{"name":"wp","href":"https:\/\/api.w.org\/{rel}","templated":true}]}}