{"id":8985,"date":"2022-04-27T13:32:16","date_gmt":"2022-04-27T16:32:16","guid":{"rendered":"https:\/\/jasminealimentos.com\/pro\/?page_id=8985"},"modified":"2024-03-21T10:08:35","modified_gmt":"2024-03-21T13:08:35","slug":"visitacao","status":"publish","type":"page","link":"https:\/\/jasminealimentos.com\/pro\/visitacao\/","title":{"rendered":"Visita\u00e7\u00e3o"},"content":{"rendered":"\t\t<div data-elementor-type=\"wp-page\" data-elementor-id=\"8985\" class=\"elementor elementor-8985\" data-elementor-post-type=\"page\">\n\t\t\t\t\t\t<section class=\"has_eae_slider elementor-section elementor-top-section elementor-element elementor-element-fe228c8 elementor-section-boxed elementor-section-height-default elementor-section-height-default\" data-id=\"fe228c8\" data-element_type=\"section\">\n\t\t\t\t\t\t<div class=\"elementor-container elementor-column-gap-default\">\n\t\t\t\t\t<div class=\"has_eae_slider elementor-column elementor-col-100 elementor-top-column elementor-element elementor-element-c38cc54\" data-id=\"c38cc54\" data-element_type=\"column\">\n\t\t\t<div class=\"elementor-widget-wrap elementor-element-populated\">\n\t\t\t\t\t\t<div class=\"elementor-element elementor-element-5b5f9be elementor-widget elementor-widget-heading\" data-id=\"5b5f9be\" data-element_type=\"widget\" data-widget_type=\"heading.default\">\n\t\t\t\t<div class=\"elementor-widget-container\">\n\t\t\t\t\t<h2 class=\"elementor-heading-title elementor-size-default\">JASMINE PRO Exclusivo<\/h2>\t\t\t\t<\/div>\n\t\t\t\t<\/div>\n\t\t\t\t<div class=\"elementor-element elementor-element-98ab58d elementor-widget elementor-widget-text-editor\" data-id=\"98ab58d\" data-element_type=\"widget\" data-widget_type=\"text-editor.default\">\n\t\t\t\t<div class=\"elementor-widget-container\">\n\t\t\t\t\t\t\t\t\t<p style=\"text-align: center;\"><b>Nutricionista, solicite uma visita e conhe\u00e7a os produtos Jasmine para sua prescri\u00e7\u00e3o<\/b><\/p>\t\t\t\t\t\t\t\t<\/div>\n\t\t\t\t<\/div>\n\t\t\t\t\t<\/div>\n\t\t<\/div>\n\t\t\t\t\t<\/div>\n\t\t<\/section>\n\t\t<!-- dce invisible element 844e42f -->\t\t<section class=\"has_eae_slider elementor-section elementor-top-section elementor-element elementor-element-3276572 elementor-section-boxed elementor-section-height-default elementor-section-height-default\" data-id=\"3276572\" data-element_type=\"section\">\n\t\t\t\t\t\t<div class=\"elementor-container elementor-column-gap-default\">\n\t\t\t\t\t<div class=\"has_eae_slider elementor-column elementor-col-100 elementor-top-column elementor-element elementor-element-83d478e\" data-id=\"83d478e\" data-element_type=\"column\">\n\t\t\t<div class=\"elementor-widget-wrap elementor-element-populated\">\n\t\t\t\t\t\t<div class=\"elementor-element elementor-element-8bd8067 elementor-widget elementor-widget-shortcode\" data-id=\"8bd8067\" data-element_type=\"widget\" data-widget_type=\"shortcode.default\">\n\t\t\t\t<div class=\"elementor-widget-container\">\n\t\t\t\t\t        <div class=\"secCadastro\" style=\"font-family: 'Quicksand', Sans-serif; text-align: center;\">\n            <h2 style=\"color: #c80029; font-weight: bold; margin-bottom: 8px;\">Cadastre-se gr\u00e1tis!<\/h2>\n            <p style=\"font-size: 18px; font-weight: bold; color: #707070;\">Tenha acesso a este conte\u00fado completo e muito mais!<\/p>\n            <div class=\"divButtons\">\n                <a href=\"https:\/\/jasminepro.com.br\/cadastre-se\/\">\n                    <button style=\"padding: 4px 0 !important; min-width: 140px; margin: 10px;\" class=\"btnCadastro\">CADASTRAR<\/button>\n                <\/a>\n                <a href=\"https:\/\/jasminepro.com.br\/login?redirect_to=https%3A%2F%2Fjasminealimentos.com%2Fpro%2Fvisitacao%2F\">\n                    <button style=\"padding: 4px 0 !important; min-width: 140px; margin: 10px;\" class=\"btnLogin\">LOGIN<\/button>\n                <\/a>\n            <\/div>\n        <\/div>\n\t\t<div class=\"elementor-shortcode\"><\/div>\n\t\t\t\t\t\t<\/div>\n\t\t\t\t<\/div>\n\t\t\t\t\t<\/div>\n\t\t<\/div>\n\t\t\t\t\t<\/div>\n\t\t<\/section>\n\t\t\t\t<\/div>\n\t\t","protected":false},"excerpt":{"rendered":"<p>JASMINE PRO Exclusivo Nutricionista, solicite uma visita e conhe\u00e7a os produtos Jasmine para sua prescri\u00e7\u00e3o Queremos estar ainda mais pr\u00f3xima de voc\u00ea, nutri! Por isso criamos o Portal Jasmine Pro: uma plataforma recheada de informa\u00e7\u00f5es e que promove visita\u00e7\u00f5es do nosso time de nutricionistas, dando a oportunidade para que voc\u00ea conhe\u00e7a nossos produtos, feitos com [&hellip;]<\/p>\n","protected":false},"author":2,"featured_media":0,"parent":0,"menu_order":0,"comment_status":"closed","ping_status":"closed","template":"elementor_header_footer","meta":{"footnotes":""},"class_list":["post-8985","page","type-page","status-publish","hentry"],"yoast_head":"<!-- This site is optimized with the Yoast SEO plugin v25.0 - https:\/\/yoast.com\/wordpress\/plugins\/seo\/ -->\n<title>Visita\u00e7\u00e3o - Portal Jasmine Pro<\/title>\n<meta name=\"robots\" content=\"index, follow, max-snippet:-1, max-image-preview:large, max-video-preview:-1\" \/>\n<link rel=\"canonical\" href=\"https:\/\/jasminealimentos.com\/pro\/visitacao\/\" \/>\n<meta property=\"og:locale\" content=\"pt_BR\" \/>\n<meta property=\"og:type\" content=\"article\" \/>\n<meta property=\"og:title\" content=\"Visita\u00e7\u00e3o - Portal Jasmine Pro\" \/>\n<meta property=\"og:description\" content=\"JASMINE PRO Exclusivo Nutricionista, solicite uma visita e conhe\u00e7a os produtos Jasmine para sua prescri\u00e7\u00e3o Queremos estar ainda mais pr\u00f3xima de voc\u00ea, nutri! Por isso criamos o Portal Jasmine Pro: uma plataforma recheada de informa\u00e7\u00f5es e que promove visita\u00e7\u00f5es do nosso time de nutricionistas, dando a oportunidade para que voc\u00ea conhe\u00e7a nossos produtos, feitos com [&hellip;]\" \/>\n<meta property=\"og:url\" content=\"https:\/\/jasminealimentos.com\/pro\/visitacao\/\" \/>\n<meta property=\"og:site_name\" content=\"Portal Jasmine Pro\" \/>\n<meta property=\"article:modified_time\" content=\"2024-03-21T13:08:35+00:00\" \/>\n<meta property=\"og:image\" content=\"https:\/\/jasminealimentos.com\/pro\/wp-content\/uploads\/2021\/07\/fundo-vermelho.png\" \/>\n\t<meta property=\"og:image:width\" content=\"2000\" \/>\n\t<meta property=\"og:image:height\" content=\"1125\" \/>\n\t<meta property=\"og:image:type\" content=\"image\/png\" \/>\n<meta name=\"twitter:card\" content=\"summary_large_image\" \/>\n<meta name=\"twitter:label1\" content=\"Est. tempo de leitura\" \/>\n\t<meta name=\"twitter:data1\" content=\"2 minutos\" \/>\n<script type=\"application\/ld+json\" class=\"yoast-schema-graph\">{\"@context\":\"https:\/\/schema.org\",\"@graph\":[{\"@type\":\"WebPage\",\"@id\":\"https:\/\/jasminealimentos.com\/pro\/visitacao\/\",\"url\":\"https:\/\/jasminealimentos.com\/pro\/visitacao\/\",\"name\":\"Visita\u00e7\u00e3o - Portal Jasmine Pro\",\"isPartOf\":{\"@id\":\"https:\/\/jasminealimentos.com\/pro\/#website\"},\"datePublished\":\"2022-04-27T16:32:16+00:00\",\"dateModified\":\"2024-03-21T13:08:35+00:00\",\"breadcrumb\":{\"@id\":\"https:\/\/jasminealimentos.com\/pro\/visitacao\/#breadcrumb\"},\"inLanguage\":\"pt-BR\",\"potentialAction\":[{\"@type\":\"ReadAction\",\"target\":[\"https:\/\/jasminealimentos.com\/pro\/visitacao\/\"]}]},{\"@type\":\"BreadcrumbList\",\"@id\":\"https:\/\/jasminealimentos.com\/pro\/visitacao\/#breadcrumb\",\"itemListElement\":[{\"@type\":\"ListItem\",\"position\":1,\"name\":\"In\u00edcio\",\"item\":\"https:\/\/jasminealimentos.com\/pro\/\"},{\"@type\":\"ListItem\",\"position\":2,\"name\":\"Visita\u00e7\u00e3o\"}]},{\"@type\":\"WebSite\",\"@id\":\"https:\/\/jasminealimentos.com\/pro\/#website\",\"url\":\"https:\/\/jasminealimentos.com\/pro\/\",\"name\":\"Portal Jasmine Pro\",\"description\":\"Novo Portal Cient\u00edfico\",\"publisher\":{\"@id\":\"https:\/\/jasminealimentos.com\/pro\/#organization\"},\"potentialAction\":[{\"@type\":\"SearchAction\",\"target\":{\"@type\":\"EntryPoint\",\"urlTemplate\":\"https:\/\/jasminealimentos.com\/pro\/?s={search_term_string}\"},\"query-input\":{\"@type\":\"PropertyValueSpecification\",\"valueRequired\":true,\"valueName\":\"search_term_string\"}}],\"inLanguage\":\"pt-BR\"},{\"@type\":\"Organization\",\"@id\":\"https:\/\/jasminealimentos.com\/pro\/#organization\",\"name\":\"Portal Jasmine Pro\",\"url\":\"https:\/\/jasminealimentos.com\/pro\/\",\"logo\":{\"@type\":\"ImageObject\",\"inLanguage\":\"pt-BR\",\"@id\":\"https:\/\/jasminealimentos.com\/pro\/#\/schema\/logo\/image\/\",\"url\":\"https:\/\/jasminealimentos.com\/pro\/wp-content\/uploads\/2021\/05\/Grupo-3.png\",\"contentUrl\":\"https:\/\/jasminealimentos.com\/pro\/wp-content\/uploads\/2021\/05\/Grupo-3.png\",\"width\":178,\"height\":47,\"caption\":\"Portal Jasmine Pro\"},\"image\":{\"@id\":\"https:\/\/jasminealimentos.com\/pro\/#\/schema\/logo\/image\/\"}}]}<\/script>\n<!-- \/ Yoast SEO plugin. -->","yoast_head_json":{"title":"Visita\u00e7\u00e3o - Portal Jasmine Pro","robots":{"index":"index","follow":"follow","max-snippet":"max-snippet:-1","max-image-preview":"max-image-preview:large","max-video-preview":"max-video-preview:-1"},"canonical":"https:\/\/jasminealimentos.com\/pro\/visitacao\/","og_locale":"pt_BR","og_type":"article","og_title":"Visita\u00e7\u00e3o - Portal Jasmine Pro","og_description":"JASMINE PRO Exclusivo Nutricionista, solicite uma visita e conhe\u00e7a os produtos Jasmine para sua prescri\u00e7\u00e3o Queremos estar ainda mais pr\u00f3xima de voc\u00ea, nutri! Por isso criamos o Portal Jasmine Pro: uma plataforma recheada de informa\u00e7\u00f5es e que promove visita\u00e7\u00f5es do nosso time de nutricionistas, dando a oportunidade para que voc\u00ea conhe\u00e7a nossos produtos, feitos com [&hellip;]","og_url":"https:\/\/jasminealimentos.com\/pro\/visitacao\/","og_site_name":"Portal Jasmine Pro","article_modified_time":"2024-03-21T13:08:35+00:00","og_image":[{"width":2000,"height":1125,"url":"https:\/\/jasminealimentos.com\/pro\/wp-content\/uploads\/2021\/07\/fundo-vermelho.png","type":"image\/png"}],"twitter_card":"summary_large_image","twitter_misc":{"Est. tempo de leitura":"2 minutos"},"schema":{"@context":"https:\/\/schema.org","@graph":[{"@type":"WebPage","@id":"https:\/\/jasminealimentos.com\/pro\/visitacao\/","url":"https:\/\/jasminealimentos.com\/pro\/visitacao\/","name":"Visita\u00e7\u00e3o - Portal Jasmine Pro","isPartOf":{"@id":"https:\/\/jasminealimentos.com\/pro\/#website"},"datePublished":"2022-04-27T16:32:16+00:00","dateModified":"2024-03-21T13:08:35+00:00","breadcrumb":{"@id":"https:\/\/jasminealimentos.com\/pro\/visitacao\/#breadcrumb"},"inLanguage":"pt-BR","potentialAction":[{"@type":"ReadAction","target":["https:\/\/jasminealimentos.com\/pro\/visitacao\/"]}]},{"@type":"BreadcrumbList","@id":"https:\/\/jasminealimentos.com\/pro\/visitacao\/#breadcrumb","itemListElement":[{"@type":"ListItem","position":1,"name":"In\u00edcio","item":"https:\/\/jasminealimentos.com\/pro\/"},{"@type":"ListItem","position":2,"name":"Visita\u00e7\u00e3o"}]},{"@type":"WebSite","@id":"https:\/\/jasminealimentos.com\/pro\/#website","url":"https:\/\/jasminealimentos.com\/pro\/","name":"Portal Jasmine Pro","description":"Novo Portal Cient\u00edfico","publisher":{"@id":"https:\/\/jasminealimentos.com\/pro\/#organization"},"potentialAction":[{"@type":"SearchAction","target":{"@type":"EntryPoint","urlTemplate":"https:\/\/jasminealimentos.com\/pro\/?s={search_term_string}"},"query-input":{"@type":"PropertyValueSpecification","valueRequired":true,"valueName":"search_term_string"}}],"inLanguage":"pt-BR"},{"@type":"Organization","@id":"https:\/\/jasminealimentos.com\/pro\/#organization","name":"Portal Jasmine Pro","url":"https:\/\/jasminealimentos.com\/pro\/","logo":{"@type":"ImageObject","inLanguage":"pt-BR","@id":"https:\/\/jasminealimentos.com\/pro\/#\/schema\/logo\/image\/","url":"https:\/\/jasminealimentos.com\/pro\/wp-content\/uploads\/2021\/05\/Grupo-3.png","contentUrl":"https:\/\/jasminealimentos.com\/pro\/wp-content\/uploads\/2021\/05\/Grupo-3.png","width":178,"height":47,"caption":"Portal Jasmine Pro"},"image":{"@id":"https:\/\/jasminealimentos.com\/pro\/#\/schema\/logo\/image\/"}}]}},"_links":{"self":[{"href":"https:\/\/jasminealimentos.com\/pro\/wp-json\/wp\/v2\/pages\/8985","targetHints":{"allow":["GET"]}}],"collection":[{"href":"https:\/\/jasminealimentos.com\/pro\/wp-json\/wp\/v2\/pages"}],"about":[{"href":"https:\/\/jasminealimentos.com\/pro\/wp-json\/wp\/v2\/types\/page"}],"author":[{"embeddable":true,"href":"https:\/\/jasminealimentos.com\/pro\/wp-json\/wp\/v2\/users\/2"}],"replies":[{"embeddable":true,"href":"https:\/\/jasminealimentos.com\/pro\/wp-json\/wp\/v2\/comments?post=8985"}],"version-history":[{"count":39,"href":"https:\/\/jasminealimentos.com\/pro\/wp-json\/wp\/v2\/pages\/8985\/revisions"}],"predecessor-version":[{"id":30465,"href":"https:\/\/jasminealimentos.com\/pro\/wp-json\/wp\/v2\/pages\/8985\/revisions\/30465"}],"wp:attachment":[{"href":"https:\/\/jasminealimentos.com\/pro\/wp-json\/wp\/v2\/media?parent=8985"}],"curies":[{"name":"wp","href":"https:\/\/api.w.org\/{rel}","templated":true}]}}