{"id":29527,"date":"2024-02-29T15:36:54","date_gmt":"2024-02-29T18:36:54","guid":{"rendered":"https:\/\/jasminealimentos.com\/pro\/?page_id=29527"},"modified":"2024-03-06T15:02:11","modified_gmt":"2024-03-06T18:02:11","slug":"nutricao-esportiva","status":"publish","type":"page","link":"https:\/\/jasminealimentos.com\/pro\/jornada\/nutricao-esportiva\/","title":{"rendered":"Nutri\u00e7\u00e3o esportiva"},"content":{"rendered":"\t\t<div data-elementor-type=\"wp-page\" data-elementor-id=\"29527\" class=\"elementor elementor-29527\" data-elementor-post-type=\"page\">\n\t\t\t\t<div class=\"has_eae_slider elementor-element elementor-element-4d5a9b1 e-flex e-con-boxed e-con e-parent\" data-id=\"4d5a9b1\" data-element_type=\"container\" data-settings=\"{&quot;background_background&quot;:&quot;classic&quot;}\">\n\t\t\t\t\t<div class=\"e-con-inner\">\n\t\t<div class=\"has_eae_slider elementor-element elementor-element-a2c62f5 e-con-full e-flex e-con e-child\" data-id=\"a2c62f5\" data-element_type=\"container\">\n\t\t\t\t<div class=\"elementor-element elementor-element-5afdf65 dce_masking-none elementor-widget elementor-widget-image\" data-id=\"5afdf65\" data-element_type=\"widget\" data-widget_type=\"image.default\">\n\t\t\t\t<div class=\"elementor-widget-container\">\n\t\t\t\t\t\t\t\t\t\t\t\t\t\t\t<img fetchpriority=\"high\" decoding=\"async\" width=\"706\" height=\"247\" src=\"https:\/\/jasminealimentos.com\/pro\/wp-content\/uploads\/2024\/02\/Grupo-8.png\" class=\"attachment-large size-large wp-image-29064\" alt=\"\" srcset=\"https:\/\/jasminealimentos.com\/pro\/wp-content\/uploads\/2024\/02\/Grupo-8.png 706w, https:\/\/jasminealimentos.com\/pro\/wp-content\/uploads\/2024\/02\/Grupo-8-300x105.png 300w, https:\/\/jasminealimentos.com\/pro\/wp-content\/uploads\/2024\/02\/Grupo-8-600x210.png 600w\" sizes=\"(max-width: 706px) 100vw, 706px\" \/>\t\t\t\t\t\t\t\t\t\t\t\t\t\t\t<\/div>\n\t\t\t\t<\/div>\n\t\t\t\t<\/div>\n\t\t\t\t\t<\/div>\n\t\t\t\t<\/div>\n\t\t<div class=\"has_eae_slider elementor-element elementor-element-127074c e-con-full e-flex e-con e-parent\" data-dce-background-overlay-image-url=\"https:\/\/jasminealimentos.com\/pro\/wp-content\/uploads\/2024\/02\/cookies.png\" data-id=\"127074c\" data-element_type=\"container\" data-settings=\"{&quot;background_background&quot;:&quot;classic&quot;}\">\n\t\t\t\t<div class=\"elementor-element elementor-element-d591daa elementor-absolute elementor-hidden-tablet elementor-hidden-mobile dce_masking-none elementor-widget elementor-widget-image\" data-id=\"d591daa\" data-element_type=\"widget\" data-settings=\"{&quot;_position&quot;:&quot;absolute&quot;}\" data-widget_type=\"image.default\">\n\t\t\t\t<div class=\"elementor-widget-container\">\n\t\t\t\t\t\t\t\t\t\t\t\t\t\t\t<img decoding=\"async\" width=\"379\" height=\"811\" src=\"https:\/\/jasminealimentos.com\/pro\/wp-content\/uploads\/2024\/02\/Grupo-19.png\" class=\"attachment-large size-large wp-image-29088\" alt=\"\" srcset=\"https:\/\/jasminealimentos.com\/pro\/wp-content\/uploads\/2024\/02\/Grupo-19.png 379w, https:\/\/jasminealimentos.com\/pro\/wp-content\/uploads\/2024\/02\/Grupo-19-140x300.png 140w\" sizes=\"(max-width: 379px) 100vw, 379px\" \/>\t\t\t\t\t\t\t\t\t\t\t\t\t\t\t<\/div>\n\t\t\t\t<\/div>\n\t\t\t\t<div class=\"elementor-element elementor-element-e8c8423 elementor-widget elementor-widget-heading\" data-id=\"e8c8423\" data-element_type=\"widget\" data-widget_type=\"heading.default\">\n\t\t\t\t<div class=\"elementor-widget-container\">\n\t\t\t\t\t<h2 class=\"elementor-heading-title elementor-size-default\">Jornada de conte\u00fado iniciada<\/h2>\t\t\t\t<\/div>\n\t\t\t\t<\/div>\n\t\t\t\t<div class=\"elementor-element elementor-element-dc7f066 elementor-widget elementor-widget-heading\" data-id=\"dc7f066\" data-element_type=\"widget\" data-widget_type=\"heading.default\">\n\t\t\t\t<div class=\"elementor-widget-container\">\n\t\t\t\t\t<h2 class=\"elementor-heading-title elementor-size-default\">Nutri\u00e7\u00e3o esportiva<\/h2>\t\t\t\t<\/div>\n\t\t\t\t<\/div>\n\t\t\t\t<div class=\"elementor-element elementor-element-18b104d elementor-widget elementor-widget-text-editor\" data-id=\"18b104d\" data-element_type=\"widget\" data-widget_type=\"text-editor.default\">\n\t\t\t\t<div class=\"elementor-widget-container\">\n\t\t\t\t\t\t\t\t\tEstamos animados por compartilhar nossos<br> conte\u00fados exclusivos com voc\u00ea. \t\t\t\t\t\t\t\t<\/div>\n\t\t\t\t<\/div>\n\t\t\t\t<div class=\"elementor-element elementor-element-b588dda elementor-widget elementor-widget-text-editor\" data-id=\"b588dda\" data-element_type=\"widget\" data-widget_type=\"text-editor.default\">\n\t\t\t\t<div class=\"elementor-widget-container\">\n\t\t\t\t\t\t\t\t\tAproveite e marque o nosso e-mail como importante<br> e, sempre que n\u00e3o nos encontrar na caixa de<br> entrada, cheque as suas outras abas. Assim voc\u00ea<br> garante que n\u00e3o perder\u00e1 nada :).\t\t\t\t\t\t\t\t<\/div>\n\t\t\t\t<\/div>\n\t\t\t\t<\/div>\n\t\t<div class=\"has_eae_slider elementor-element elementor-element-de579fc e-flex e-con-boxed e-con e-parent\" data-id=\"de579fc\" data-element_type=\"container\" data-settings=\"{&quot;background_background&quot;:&quot;classic&quot;}\">\n\t\t\t\t\t<div class=\"e-con-inner\">\n\t\t<div class=\"has_eae_slider elementor-element elementor-element-57138d7 e-flex e-con-boxed e-con e-child\" data-id=\"57138d7\" data-element_type=\"container\">\n\t\t\t\t\t<div class=\"e-con-inner\">\n\t\t\t\t<div class=\"elementor-element elementor-element-49a9c96 elementor-widget__width-initial elementor-widget-mobile__width-initial dce_masking-none elementor-widget elementor-widget-image\" data-id=\"49a9c96\" data-element_type=\"widget\" data-widget_type=\"image.default\">\n\t\t\t\t<div class=\"elementor-widget-container\">\n\t\t\t\t\t\t\t\t\t\t\t\t\t\t\t\t<a href=\"https:\/\/jasminealimentos.com\/pro\/\">\n\t\t\t\t\t\t\t<img decoding=\"async\" width=\"46\" height=\"44\" src=\"https:\/\/jasminealimentos.com\/pro\/wp-content\/uploads\/2024\/03\/portal.png\" class=\"attachment-large size-large wp-image-29833\" alt=\"\" \/>\t\t\t\t\t\t\t\t<\/a>\n\t\t\t\t\t\t\t\t\t\t\t\t\t\t\t<\/div>\n\t\t\t\t<\/div>\n\t\t\t\t<div class=\"elementor-element elementor-element-6f4919e elementor-widget__width-initial elementor-widget-mobile__width-initial dce_masking-none elementor-widget elementor-widget-image\" data-id=\"6f4919e\" data-element_type=\"widget\" data-widget_type=\"image.default\">\n\t\t\t\t<div class=\"elementor-widget-container\">\n\t\t\t\t\t\t\t\t\t\t\t\t\t\t\t\t<a href=\"https:\/\/www.instagram.com\/jasmine_alimentos\/\">\n\t\t\t\t\t\t\t<img loading=\"lazy\" decoding=\"async\" width=\"45\" height=\"46\" src=\"https:\/\/jasminealimentos.com\/pro\/wp-content\/uploads\/2024\/03\/instagram.png\" class=\"attachment-large size-large wp-image-29836\" alt=\"\" \/>\t\t\t\t\t\t\t\t<\/a>\n\t\t\t\t\t\t\t\t\t\t\t\t\t\t\t<\/div>\n\t\t\t\t<\/div>\n\t\t\t\t<div class=\"elementor-element elementor-element-fead148 elementor-widget__width-initial elementor-widget-mobile__width-initial dce_masking-none elementor-widget elementor-widget-image\" data-id=\"fead148\" data-element_type=\"widget\" data-widget_type=\"image.default\">\n\t\t\t\t<div class=\"elementor-widget-container\">\n\t\t\t\t\t\t\t\t\t\t\t\t\t\t\t\t<a href=\"https:\/\/www.tiktok.com\/@jasmine_alimentos\">\n\t\t\t\t\t\t\t<img loading=\"lazy\" decoding=\"async\" width=\"36\" height=\"42\" src=\"https:\/\/jasminealimentos.com\/pro\/wp-content\/uploads\/2024\/03\/tik-tok.png\" class=\"attachment-large size-large wp-image-29834\" alt=\"\" \/>\t\t\t\t\t\t\t\t<\/a>\n\t\t\t\t\t\t\t\t\t\t\t\t\t\t\t<\/div>\n\t\t\t\t<\/div>\n\t\t\t\t<div class=\"elementor-element elementor-element-5de3552 elementor-widget__width-initial elementor-widget-mobile__width-initial dce_masking-none elementor-widget elementor-widget-image\" data-id=\"5de3552\" data-element_type=\"widget\" data-widget_type=\"image.default\">\n\t\t\t\t<div class=\"elementor-widget-container\">\n\t\t\t\t\t\t\t\t\t\t\t\t\t\t\t\t<a href=\"https:\/\/web.facebook.com\/jasminealimentos?fref=ts&#038;_rdc=1&#038;_rdr\">\n\t\t\t\t\t\t\t<img loading=\"lazy\" decoding=\"async\" width=\"45\" height=\"46\" src=\"https:\/\/jasminealimentos.com\/pro\/wp-content\/uploads\/2024\/03\/facebook.png\" class=\"attachment-large size-large wp-image-29832\" alt=\"\" \/>\t\t\t\t\t\t\t\t<\/a>\n\t\t\t\t\t\t\t\t\t\t\t\t\t\t\t<\/div>\n\t\t\t\t<\/div>\n\t\t\t\t<div class=\"elementor-element elementor-element-25e3a0d elementor-widget__width-initial elementor-widget-mobile__width-initial dce_masking-none elementor-widget elementor-widget-image\" data-id=\"25e3a0d\" data-element_type=\"widget\" data-widget_type=\"image.default\">\n\t\t\t\t<div class=\"elementor-widget-container\">\n\t\t\t\t\t\t\t\t\t\t\t\t\t\t\t\t<a href=\"https:\/\/www.youtube.com\/jasminealimentos\">\n\t\t\t\t\t\t\t<img loading=\"lazy\" decoding=\"async\" width=\"49\" height=\"34\" src=\"https:\/\/jasminealimentos.com\/pro\/wp-content\/uploads\/2024\/03\/youtube.png\" class=\"attachment-large size-large wp-image-29835\" alt=\"\" \/>\t\t\t\t\t\t\t\t<\/a>\n\t\t\t\t\t\t\t\t\t\t\t\t\t\t\t<\/div>\n\t\t\t\t<\/div>\n\t\t\t\t<div class=\"elementor-element elementor-element-ca66200 elementor-widget__width-initial elementor-widget-mobile__width-initial dce_masking-none elementor-widget elementor-widget-image\" data-id=\"ca66200\" data-element_type=\"widget\" data-widget_type=\"image.default\">\n\t\t\t\t<div class=\"elementor-widget-container\">\n\t\t\t\t\t\t\t\t\t\t\t\t\t\t\t\t<a href=\"https:\/\/www.loja.jasminealimentos.com\/\">\n\t\t\t\t\t\t\t<img loading=\"lazy\" decoding=\"async\" width=\"50\" height=\"48\" src=\"https:\/\/jasminealimentos.com\/pro\/wp-content\/uploads\/2024\/03\/ecommerce.png\" class=\"attachment-large size-large wp-image-29831\" alt=\"\" \/>\t\t\t\t\t\t\t\t<\/a>\n\t\t\t\t\t\t\t\t\t\t\t\t\t\t\t<\/div>\n\t\t\t\t<\/div>\n\t\t\t\t\t<\/div>\n\t\t\t\t<\/div>\n\t\t\t\t\t<\/div>\n\t\t\t\t<\/div>\n\t\t\t\t<\/div>\n\t\t","protected":false},"excerpt":{"rendered":"<p>Jornada de conte\u00fado iniciada Nutri\u00e7\u00e3o esportiva Estamos animados por compartilhar nossos conte\u00fados exclusivos com voc\u00ea. Aproveite e marque o nosso e-mail como importante e, sempre que n\u00e3o nos encontrar na caixa de entrada, cheque as suas outras abas. Assim voc\u00ea garante que n\u00e3o perder\u00e1 nada :).<\/p>\n","protected":false},"author":10826,"featured_media":0,"parent":29066,"menu_order":0,"comment_status":"closed","ping_status":"closed","template":"elementor_canvas","meta":{"footnotes":""},"class_list":["post-29527","page","type-page","status-publish","hentry"],"yoast_head":"<!-- This site is optimized with the Yoast SEO plugin v25.0 - https:\/\/yoast.com\/wordpress\/plugins\/seo\/ -->\n<title>Nutri\u00e7\u00e3o esportiva - Portal Jasmine Pro<\/title>\n<meta name=\"robots\" content=\"index, follow, max-snippet:-1, max-image-preview:large, max-video-preview:-1\" \/>\n<link rel=\"canonical\" href=\"https:\/\/jasminealimentos.com\/pro\/jornada\/nutricao-esportiva\/\" \/>\n<meta property=\"og:locale\" content=\"pt_BR\" \/>\n<meta property=\"og:type\" content=\"article\" \/>\n<meta property=\"og:title\" content=\"Nutri\u00e7\u00e3o esportiva - Portal Jasmine Pro\" \/>\n<meta property=\"og:description\" content=\"Jornada de conte\u00fado iniciada Nutri\u00e7\u00e3o esportiva Estamos animados por compartilhar nossos conte\u00fados exclusivos com voc\u00ea. Aproveite e marque o nosso e-mail como importante e, sempre que n\u00e3o nos encontrar na caixa de entrada, cheque as suas outras abas. Assim voc\u00ea garante que n\u00e3o perder\u00e1 nada :).\" \/>\n<meta property=\"og:url\" content=\"https:\/\/jasminealimentos.com\/pro\/jornada\/nutricao-esportiva\/\" \/>\n<meta property=\"og:site_name\" content=\"Portal Jasmine Pro\" \/>\n<meta property=\"article:modified_time\" content=\"2024-03-06T18:02:11+00:00\" \/>\n<meta property=\"og:image\" content=\"https:\/\/jasminealimentos.com\/pro\/wp-content\/uploads\/2024\/02\/Grupo-8.png\" \/>\n<meta name=\"twitter:card\" content=\"summary_large_image\" \/>\n<meta name=\"twitter:label1\" content=\"Est. tempo de leitura\" \/>\n\t<meta name=\"twitter:data1\" content=\"2 minutos\" \/>\n<script type=\"application\/ld+json\" class=\"yoast-schema-graph\">{\"@context\":\"https:\/\/schema.org\",\"@graph\":[{\"@type\":\"WebPage\",\"@id\":\"https:\/\/jasminealimentos.com\/pro\/jornada\/nutricao-esportiva\/\",\"url\":\"https:\/\/jasminealimentos.com\/pro\/jornada\/nutricao-esportiva\/\",\"name\":\"Nutri\u00e7\u00e3o esportiva - Portal Jasmine Pro\",\"isPartOf\":{\"@id\":\"https:\/\/jasminealimentos.com\/pro\/#website\"},\"primaryImageOfPage\":{\"@id\":\"https:\/\/jasminealimentos.com\/pro\/jornada\/nutricao-esportiva\/#primaryimage\"},\"image\":{\"@id\":\"https:\/\/jasminealimentos.com\/pro\/jornada\/nutricao-esportiva\/#primaryimage\"},\"thumbnailUrl\":\"https:\/\/jasminealimentos.com\/pro\/wp-content\/uploads\/2024\/02\/Grupo-8.png\",\"datePublished\":\"2024-02-29T18:36:54+00:00\",\"dateModified\":\"2024-03-06T18:02:11+00:00\",\"breadcrumb\":{\"@id\":\"https:\/\/jasminealimentos.com\/pro\/jornada\/nutricao-esportiva\/#breadcrumb\"},\"inLanguage\":\"pt-BR\",\"potentialAction\":[{\"@type\":\"ReadAction\",\"target\":[\"https:\/\/jasminealimentos.com\/pro\/jornada\/nutricao-esportiva\/\"]}]},{\"@type\":\"ImageObject\",\"inLanguage\":\"pt-BR\",\"@id\":\"https:\/\/jasminealimentos.com\/pro\/jornada\/nutricao-esportiva\/#primaryimage\",\"url\":\"https:\/\/jasminealimentos.com\/pro\/wp-content\/uploads\/2024\/02\/Grupo-8.png\",\"contentUrl\":\"https:\/\/jasminealimentos.com\/pro\/wp-content\/uploads\/2024\/02\/Grupo-8.png\",\"width\":706,\"height\":247},{\"@type\":\"BreadcrumbList\",\"@id\":\"https:\/\/jasminealimentos.com\/pro\/jornada\/nutricao-esportiva\/#breadcrumb\",\"itemListElement\":[{\"@type\":\"ListItem\",\"position\":1,\"name\":\"In\u00edcio\",\"item\":\"https:\/\/jasminealimentos.com\/pro\/\"},{\"@type\":\"ListItem\",\"position\":2,\"name\":\"Jornada\",\"item\":\"https:\/\/jasminealimentos.com\/pro\/jornada\/\"},{\"@type\":\"ListItem\",\"position\":3,\"name\":\"Nutri\u00e7\u00e3o esportiva\"}]},{\"@type\":\"WebSite\",\"@id\":\"https:\/\/jasminealimentos.com\/pro\/#website\",\"url\":\"https:\/\/jasminealimentos.com\/pro\/\",\"name\":\"Portal Jasmine Pro\",\"description\":\"Novo Portal Cient\u00edfico\",\"publisher\":{\"@id\":\"https:\/\/jasminealimentos.com\/pro\/#organization\"},\"potentialAction\":[{\"@type\":\"SearchAction\",\"target\":{\"@type\":\"EntryPoint\",\"urlTemplate\":\"https:\/\/jasminealimentos.com\/pro\/?s={search_term_string}\"},\"query-input\":{\"@type\":\"PropertyValueSpecification\",\"valueRequired\":true,\"valueName\":\"search_term_string\"}}],\"inLanguage\":\"pt-BR\"},{\"@type\":\"Organization\",\"@id\":\"https:\/\/jasminealimentos.com\/pro\/#organization\",\"name\":\"Portal Jasmine Pro\",\"url\":\"https:\/\/jasminealimentos.com\/pro\/\",\"logo\":{\"@type\":\"ImageObject\",\"inLanguage\":\"pt-BR\",\"@id\":\"https:\/\/jasminealimentos.com\/pro\/#\/schema\/logo\/image\/\",\"url\":\"https:\/\/jasminealimentos.com\/pro\/wp-content\/uploads\/2021\/05\/Grupo-3.png\",\"contentUrl\":\"https:\/\/jasminealimentos.com\/pro\/wp-content\/uploads\/2021\/05\/Grupo-3.png\",\"width\":178,\"height\":47,\"caption\":\"Portal Jasmine Pro\"},\"image\":{\"@id\":\"https:\/\/jasminealimentos.com\/pro\/#\/schema\/logo\/image\/\"}}]}<\/script>\n<!-- \/ Yoast SEO plugin. -->","yoast_head_json":{"title":"Nutri\u00e7\u00e3o esportiva - Portal Jasmine Pro","robots":{"index":"index","follow":"follow","max-snippet":"max-snippet:-1","max-image-preview":"max-image-preview:large","max-video-preview":"max-video-preview:-1"},"canonical":"https:\/\/jasminealimentos.com\/pro\/jornada\/nutricao-esportiva\/","og_locale":"pt_BR","og_type":"article","og_title":"Nutri\u00e7\u00e3o esportiva - Portal Jasmine Pro","og_description":"Jornada de conte\u00fado iniciada Nutri\u00e7\u00e3o esportiva Estamos animados por compartilhar nossos conte\u00fados exclusivos com voc\u00ea. Aproveite e marque o nosso e-mail como importante e, sempre que n\u00e3o nos encontrar na caixa de entrada, cheque as suas outras abas. Assim voc\u00ea garante que n\u00e3o perder\u00e1 nada :).","og_url":"https:\/\/jasminealimentos.com\/pro\/jornada\/nutricao-esportiva\/","og_site_name":"Portal Jasmine Pro","article_modified_time":"2024-03-06T18:02:11+00:00","og_image":[{"url":"https:\/\/jasminealimentos.com\/pro\/wp-content\/uploads\/2024\/02\/Grupo-8.png","type":"","width":"","height":""}],"twitter_card":"summary_large_image","twitter_misc":{"Est. tempo de leitura":"2 minutos"},"schema":{"@context":"https:\/\/schema.org","@graph":[{"@type":"WebPage","@id":"https:\/\/jasminealimentos.com\/pro\/jornada\/nutricao-esportiva\/","url":"https:\/\/jasminealimentos.com\/pro\/jornada\/nutricao-esportiva\/","name":"Nutri\u00e7\u00e3o esportiva - Portal Jasmine Pro","isPartOf":{"@id":"https:\/\/jasminealimentos.com\/pro\/#website"},"primaryImageOfPage":{"@id":"https:\/\/jasminealimentos.com\/pro\/jornada\/nutricao-esportiva\/#primaryimage"},"image":{"@id":"https:\/\/jasminealimentos.com\/pro\/jornada\/nutricao-esportiva\/#primaryimage"},"thumbnailUrl":"https:\/\/jasminealimentos.com\/pro\/wp-content\/uploads\/2024\/02\/Grupo-8.png","datePublished":"2024-02-29T18:36:54+00:00","dateModified":"2024-03-06T18:02:11+00:00","breadcrumb":{"@id":"https:\/\/jasminealimentos.com\/pro\/jornada\/nutricao-esportiva\/#breadcrumb"},"inLanguage":"pt-BR","potentialAction":[{"@type":"ReadAction","target":["https:\/\/jasminealimentos.com\/pro\/jornada\/nutricao-esportiva\/"]}]},{"@type":"ImageObject","inLanguage":"pt-BR","@id":"https:\/\/jasminealimentos.com\/pro\/jornada\/nutricao-esportiva\/#primaryimage","url":"https:\/\/jasminealimentos.com\/pro\/wp-content\/uploads\/2024\/02\/Grupo-8.png","contentUrl":"https:\/\/jasminealimentos.com\/pro\/wp-content\/uploads\/2024\/02\/Grupo-8.png","width":706,"height":247},{"@type":"BreadcrumbList","@id":"https:\/\/jasminealimentos.com\/pro\/jornada\/nutricao-esportiva\/#breadcrumb","itemListElement":[{"@type":"ListItem","position":1,"name":"In\u00edcio","item":"https:\/\/jasminealimentos.com\/pro\/"},{"@type":"ListItem","position":2,"name":"Jornada","item":"https:\/\/jasminealimentos.com\/pro\/jornada\/"},{"@type":"ListItem","position":3,"name":"Nutri\u00e7\u00e3o esportiva"}]},{"@type":"WebSite","@id":"https:\/\/jasminealimentos.com\/pro\/#website","url":"https:\/\/jasminealimentos.com\/pro\/","name":"Portal Jasmine Pro","description":"Novo Portal Cient\u00edfico","publisher":{"@id":"https:\/\/jasminealimentos.com\/pro\/#organization"},"potentialAction":[{"@type":"SearchAction","target":{"@type":"EntryPoint","urlTemplate":"https:\/\/jasminealimentos.com\/pro\/?s={search_term_string}"},"query-input":{"@type":"PropertyValueSpecification","valueRequired":true,"valueName":"search_term_string"}}],"inLanguage":"pt-BR"},{"@type":"Organization","@id":"https:\/\/jasminealimentos.com\/pro\/#organization","name":"Portal Jasmine Pro","url":"https:\/\/jasminealimentos.com\/pro\/","logo":{"@type":"ImageObject","inLanguage":"pt-BR","@id":"https:\/\/jasminealimentos.com\/pro\/#\/schema\/logo\/image\/","url":"https:\/\/jasminealimentos.com\/pro\/wp-content\/uploads\/2021\/05\/Grupo-3.png","contentUrl":"https:\/\/jasminealimentos.com\/pro\/wp-content\/uploads\/2021\/05\/Grupo-3.png","width":178,"height":47,"caption":"Portal Jasmine Pro"},"image":{"@id":"https:\/\/jasminealimentos.com\/pro\/#\/schema\/logo\/image\/"}}]}},"_links":{"self":[{"href":"https:\/\/jasminealimentos.com\/pro\/wp-json\/wp\/v2\/pages\/29527","targetHints":{"allow":["GET"]}}],"collection":[{"href":"https:\/\/jasminealimentos.com\/pro\/wp-json\/wp\/v2\/pages"}],"about":[{"href":"https:\/\/jasminealimentos.com\/pro\/wp-json\/wp\/v2\/types\/page"}],"author":[{"embeddable":true,"href":"https:\/\/jasminealimentos.com\/pro\/wp-json\/wp\/v2\/users\/10826"}],"replies":[{"embeddable":true,"href":"https:\/\/jasminealimentos.com\/pro\/wp-json\/wp\/v2\/comments?post=29527"}],"version-history":[{"count":19,"href":"https:\/\/jasminealimentos.com\/pro\/wp-json\/wp\/v2\/pages\/29527\/revisions"}],"predecessor-version":[{"id":29846,"href":"https:\/\/jasminealimentos.com\/pro\/wp-json\/wp\/v2\/pages\/29527\/revisions\/29846"}],"up":[{"embeddable":true,"href":"https:\/\/jasminealimentos.com\/pro\/wp-json\/wp\/v2\/pages\/29066"}],"wp:attachment":[{"href":"https:\/\/jasminealimentos.com\/pro\/wp-json\/wp\/v2\/media?parent=29527"}],"curies":[{"name":"wp","href":"https:\/\/api.w.org\/{rel}","templated":true}]}}