{"id":28825,"date":"2024-02-06T18:09:24","date_gmt":"2024-02-06T18:09:24","guid":{"rendered":"https:\/\/jasminealimentos.com\/pro\/?page_id=28825"},"modified":"2024-02-27T14:47:22","modified_gmt":"2024-02-27T14:47:22","slug":"teste-cadastro","status":"publish","type":"page","link":"https:\/\/jasminealimentos.com\/pro\/teste-cadastro\/","title":{"rendered":"Teste-cadastro"},"content":{"rendered":"\t\t<div data-elementor-type=\"wp-page\" data-elementor-id=\"28825\" class=\"elementor elementor-28825\" data-elementor-post-type=\"page\">\n\t\t\t\t\t\t<section class=\"has_eae_slider elementor-section elementor-top-section elementor-element elementor-element-6f1317d elementor-section-boxed elementor-section-height-default elementor-section-height-default\" data-id=\"6f1317d\" data-element_type=\"section\" data-settings=\"{&quot;background_background&quot;:&quot;classic&quot;}\">\n\t\t\t\t\t\t<div class=\"elementor-container elementor-column-gap-default\">\n\t\t\t\t\t<div class=\"has_eae_slider elementor-column elementor-col-100 elementor-top-column elementor-element elementor-element-37d6dfc\" data-id=\"37d6dfc\" data-element_type=\"column\">\n\t\t\t<div class=\"elementor-widget-wrap elementor-element-populated\">\n\t\t\t\t\t\t<div class=\"elementor-element elementor-element-61194c8 elementor-widget elementor-widget-heading\" data-id=\"61194c8\" data-element_type=\"widget\" data-widget_type=\"heading.default\">\n\t\t\t\t<div class=\"elementor-widget-container\">\n\t\t\t\t\t<div class=\"elementor-heading-title elementor-size-default\">Aprimore sua pr\u00e1tica cl\u00ednica com ferramentas exclusivas para sua prescri\u00e7\u00e3o em um portal direcionado a voc\u00ea!<\/div>\t\t\t\t<\/div>\n\t\t\t\t<\/div>\n\t\t\t\t\t<\/div>\n\t\t<\/div>\n\t\t\t\t\t<\/div>\n\t\t<\/section>\n\t\t\t\t<section class=\"has_eae_slider elementor-section elementor-top-section elementor-element elementor-element-a8be42e elementor-section-boxed elementor-section-height-default elementor-section-height-default\" data-id=\"a8be42e\" data-element_type=\"section\">\n\t\t\t\t\t\t<div class=\"elementor-container elementor-column-gap-default\">\n\t\t\t\t\t<div class=\"has_eae_slider elementor-column elementor-col-100 elementor-top-column elementor-element elementor-element-966fd9a\" data-id=\"966fd9a\" data-element_type=\"column\">\n\t\t\t<div class=\"elementor-widget-wrap elementor-element-populated\">\n\t\t\t\t<!-- dce invisible element 2b09aa4 -->\t\t\t<\/div>\n\t\t<\/div>\n\t\t\t\t\t<\/div>\n\t\t<\/section>\n\t\t\t\t<\/div>\n\t\t","protected":false},"excerpt":{"rendered":"<p>Aprimore sua pr\u00e1tica cl\u00ednica com ferramentas exclusivas para sua prescri\u00e7\u00e3o em um portal direcionado a voc\u00ea!<\/p>\n","protected":false},"author":10826,"featured_media":1558,"parent":0,"menu_order":0,"comment_status":"closed","ping_status":"closed","template":"elementor_header_footer","meta":{"footnotes":""},"class_list":["post-28825","page","type-page","status-publish","has-post-thumbnail","hentry"],"yoast_head":"<!-- This site is optimized with the Yoast SEO plugin v25.0 - https:\/\/yoast.com\/wordpress\/plugins\/seo\/ -->\n<title>Teste-cadastro - Portal Jasmine Pro<\/title>\n<meta name=\"robots\" content=\"index, follow, max-snippet:-1, max-image-preview:large, max-video-preview:-1\" \/>\n<link rel=\"canonical\" href=\"https:\/\/jasminealimentos.com\/pro\/teste-cadastro\/\" \/>\n<meta property=\"og:locale\" content=\"pt_BR\" \/>\n<meta property=\"og:type\" content=\"article\" \/>\n<meta property=\"og:title\" content=\"Teste-cadastro - Portal Jasmine Pro\" \/>\n<meta property=\"og:description\" content=\"Aprimore sua pr\u00e1tica cl\u00ednica com ferramentas exclusivas para sua prescri\u00e7\u00e3o em um portal direcionado a voc\u00ea!\" \/>\n<meta property=\"og:url\" content=\"https:\/\/jasminealimentos.com\/pro\/teste-cadastro\/\" \/>\n<meta property=\"og:site_name\" content=\"Portal Jasmine Pro\" \/>\n<meta property=\"article:modified_time\" content=\"2024-02-27T14:47:22+00:00\" \/>\n<meta property=\"og:image\" content=\"https:\/\/jasminealimentos.com\/pro\/wp-content\/uploads\/2021\/07\/fundo-vermelho.png\" \/>\n\t<meta property=\"og:image:width\" content=\"2000\" \/>\n\t<meta property=\"og:image:height\" content=\"1125\" \/>\n\t<meta property=\"og:image:type\" content=\"image\/png\" \/>\n<meta name=\"twitter:card\" content=\"summary_large_image\" \/>\n<meta name=\"twitter:label1\" content=\"Est. tempo de leitura\" \/>\n\t<meta name=\"twitter:data1\" content=\"2 minutos\" \/>\n<script type=\"application\/ld+json\" class=\"yoast-schema-graph\">{\"@context\":\"https:\/\/schema.org\",\"@graph\":[{\"@type\":\"WebPage\",\"@id\":\"https:\/\/jasminealimentos.com\/pro\/teste-cadastro\/\",\"url\":\"https:\/\/jasminealimentos.com\/pro\/teste-cadastro\/\",\"name\":\"Teste-cadastro - Portal Jasmine Pro\",\"isPartOf\":{\"@id\":\"https:\/\/jasminealimentos.com\/pro\/#website\"},\"primaryImageOfPage\":{\"@id\":\"https:\/\/jasminealimentos.com\/pro\/teste-cadastro\/#primaryimage\"},\"image\":{\"@id\":\"https:\/\/jasminealimentos.com\/pro\/teste-cadastro\/#primaryimage\"},\"thumbnailUrl\":\"https:\/\/jasminealimentos.com\/pro\/wp-content\/uploads\/2021\/07\/fundo-vermelho.png\",\"datePublished\":\"2024-02-06T18:09:24+00:00\",\"dateModified\":\"2024-02-27T14:47:22+00:00\",\"breadcrumb\":{\"@id\":\"https:\/\/jasminealimentos.com\/pro\/teste-cadastro\/#breadcrumb\"},\"inLanguage\":\"pt-BR\",\"potentialAction\":[{\"@type\":\"ReadAction\",\"target\":[\"https:\/\/jasminealimentos.com\/pro\/teste-cadastro\/\"]}]},{\"@type\":\"ImageObject\",\"inLanguage\":\"pt-BR\",\"@id\":\"https:\/\/jasminealimentos.com\/pro\/teste-cadastro\/#primaryimage\",\"url\":\"https:\/\/jasminealimentos.com\/pro\/wp-content\/uploads\/2021\/07\/fundo-vermelho.png\",\"contentUrl\":\"https:\/\/jasminealimentos.com\/pro\/wp-content\/uploads\/2021\/07\/fundo-vermelho.png\",\"width\":2000,\"height\":1125},{\"@type\":\"BreadcrumbList\",\"@id\":\"https:\/\/jasminealimentos.com\/pro\/teste-cadastro\/#breadcrumb\",\"itemListElement\":[{\"@type\":\"ListItem\",\"position\":1,\"name\":\"In\u00edcio\",\"item\":\"https:\/\/jasminealimentos.com\/pro\/\"},{\"@type\":\"ListItem\",\"position\":2,\"name\":\"Teste-cadastro\"}]},{\"@type\":\"WebSite\",\"@id\":\"https:\/\/jasminealimentos.com\/pro\/#website\",\"url\":\"https:\/\/jasminealimentos.com\/pro\/\",\"name\":\"Portal Jasmine Pro\",\"description\":\"Novo Portal Cient\u00edfico\",\"publisher\":{\"@id\":\"https:\/\/jasminealimentos.com\/pro\/#organization\"},\"potentialAction\":[{\"@type\":\"SearchAction\",\"target\":{\"@type\":\"EntryPoint\",\"urlTemplate\":\"https:\/\/jasminealimentos.com\/pro\/?s={search_term_string}\"},\"query-input\":{\"@type\":\"PropertyValueSpecification\",\"valueRequired\":true,\"valueName\":\"search_term_string\"}}],\"inLanguage\":\"pt-BR\"},{\"@type\":\"Organization\",\"@id\":\"https:\/\/jasminealimentos.com\/pro\/#organization\",\"name\":\"Portal Jasmine Pro\",\"url\":\"https:\/\/jasminealimentos.com\/pro\/\",\"logo\":{\"@type\":\"ImageObject\",\"inLanguage\":\"pt-BR\",\"@id\":\"https:\/\/jasminealimentos.com\/pro\/#\/schema\/logo\/image\/\",\"url\":\"https:\/\/jasminealimentos.com\/pro\/wp-content\/uploads\/2021\/05\/Grupo-3.png\",\"contentUrl\":\"https:\/\/jasminealimentos.com\/pro\/wp-content\/uploads\/2021\/05\/Grupo-3.png\",\"width\":178,\"height\":47,\"caption\":\"Portal Jasmine Pro\"},\"image\":{\"@id\":\"https:\/\/jasminealimentos.com\/pro\/#\/schema\/logo\/image\/\"}}]}<\/script>\n<!-- \/ Yoast SEO plugin. -->","yoast_head_json":{"title":"Teste-cadastro - Portal Jasmine Pro","robots":{"index":"index","follow":"follow","max-snippet":"max-snippet:-1","max-image-preview":"max-image-preview:large","max-video-preview":"max-video-preview:-1"},"canonical":"https:\/\/jasminealimentos.com\/pro\/teste-cadastro\/","og_locale":"pt_BR","og_type":"article","og_title":"Teste-cadastro - Portal Jasmine Pro","og_description":"Aprimore sua pr\u00e1tica cl\u00ednica com ferramentas exclusivas para sua prescri\u00e7\u00e3o em um portal direcionado a voc\u00ea!","og_url":"https:\/\/jasminealimentos.com\/pro\/teste-cadastro\/","og_site_name":"Portal Jasmine Pro","article_modified_time":"2024-02-27T14:47:22+00:00","og_image":[{"width":2000,"height":1125,"url":"https:\/\/jasminealimentos.com\/pro\/wp-content\/uploads\/2021\/07\/fundo-vermelho.png","type":"image\/png"}],"twitter_card":"summary_large_image","twitter_misc":{"Est. tempo de leitura":"2 minutos"},"schema":{"@context":"https:\/\/schema.org","@graph":[{"@type":"WebPage","@id":"https:\/\/jasminealimentos.com\/pro\/teste-cadastro\/","url":"https:\/\/jasminealimentos.com\/pro\/teste-cadastro\/","name":"Teste-cadastro - Portal Jasmine Pro","isPartOf":{"@id":"https:\/\/jasminealimentos.com\/pro\/#website"},"primaryImageOfPage":{"@id":"https:\/\/jasminealimentos.com\/pro\/teste-cadastro\/#primaryimage"},"image":{"@id":"https:\/\/jasminealimentos.com\/pro\/teste-cadastro\/#primaryimage"},"thumbnailUrl":"https:\/\/jasminealimentos.com\/pro\/wp-content\/uploads\/2021\/07\/fundo-vermelho.png","datePublished":"2024-02-06T18:09:24+00:00","dateModified":"2024-02-27T14:47:22+00:00","breadcrumb":{"@id":"https:\/\/jasminealimentos.com\/pro\/teste-cadastro\/#breadcrumb"},"inLanguage":"pt-BR","potentialAction":[{"@type":"ReadAction","target":["https:\/\/jasminealimentos.com\/pro\/teste-cadastro\/"]}]},{"@type":"ImageObject","inLanguage":"pt-BR","@id":"https:\/\/jasminealimentos.com\/pro\/teste-cadastro\/#primaryimage","url":"https:\/\/jasminealimentos.com\/pro\/wp-content\/uploads\/2021\/07\/fundo-vermelho.png","contentUrl":"https:\/\/jasminealimentos.com\/pro\/wp-content\/uploads\/2021\/07\/fundo-vermelho.png","width":2000,"height":1125},{"@type":"BreadcrumbList","@id":"https:\/\/jasminealimentos.com\/pro\/teste-cadastro\/#breadcrumb","itemListElement":[{"@type":"ListItem","position":1,"name":"In\u00edcio","item":"https:\/\/jasminealimentos.com\/pro\/"},{"@type":"ListItem","position":2,"name":"Teste-cadastro"}]},{"@type":"WebSite","@id":"https:\/\/jasminealimentos.com\/pro\/#website","url":"https:\/\/jasminealimentos.com\/pro\/","name":"Portal Jasmine Pro","description":"Novo Portal Cient\u00edfico","publisher":{"@id":"https:\/\/jasminealimentos.com\/pro\/#organization"},"potentialAction":[{"@type":"SearchAction","target":{"@type":"EntryPoint","urlTemplate":"https:\/\/jasminealimentos.com\/pro\/?s={search_term_string}"},"query-input":{"@type":"PropertyValueSpecification","valueRequired":true,"valueName":"search_term_string"}}],"inLanguage":"pt-BR"},{"@type":"Organization","@id":"https:\/\/jasminealimentos.com\/pro\/#organization","name":"Portal Jasmine Pro","url":"https:\/\/jasminealimentos.com\/pro\/","logo":{"@type":"ImageObject","inLanguage":"pt-BR","@id":"https:\/\/jasminealimentos.com\/pro\/#\/schema\/logo\/image\/","url":"https:\/\/jasminealimentos.com\/pro\/wp-content\/uploads\/2021\/05\/Grupo-3.png","contentUrl":"https:\/\/jasminealimentos.com\/pro\/wp-content\/uploads\/2021\/05\/Grupo-3.png","width":178,"height":47,"caption":"Portal Jasmine Pro"},"image":{"@id":"https:\/\/jasminealimentos.com\/pro\/#\/schema\/logo\/image\/"}}]}},"_links":{"self":[{"href":"https:\/\/jasminealimentos.com\/pro\/wp-json\/wp\/v2\/pages\/28825","targetHints":{"allow":["GET"]}}],"collection":[{"href":"https:\/\/jasminealimentos.com\/pro\/wp-json\/wp\/v2\/pages"}],"about":[{"href":"https:\/\/jasminealimentos.com\/pro\/wp-json\/wp\/v2\/types\/page"}],"author":[{"embeddable":true,"href":"https:\/\/jasminealimentos.com\/pro\/wp-json\/wp\/v2\/users\/10826"}],"replies":[{"embeddable":true,"href":"https:\/\/jasminealimentos.com\/pro\/wp-json\/wp\/v2\/comments?post=28825"}],"version-history":[{"count":14,"href":"https:\/\/jasminealimentos.com\/pro\/wp-json\/wp\/v2\/pages\/28825\/revisions"}],"predecessor-version":[{"id":29192,"href":"https:\/\/jasminealimentos.com\/pro\/wp-json\/wp\/v2\/pages\/28825\/revisions\/29192"}],"wp:featuredmedia":[{"embeddable":true,"href":"https:\/\/jasminealimentos.com\/pro\/wp-json\/wp\/v2\/media\/1558"}],"wp:attachment":[{"href":"https:\/\/jasminealimentos.com\/pro\/wp-json\/wp\/v2\/media?parent=28825"}],"curies":[{"name":"wp","href":"https:\/\/api.w.org\/{rel}","templated":true}]}}