{"id":11935,"date":"2022-06-29T15:28:27","date_gmt":"2022-06-29T18:28:27","guid":{"rendered":"https:\/\/jasminealimentos.com\/pro\/?page_id=11935"},"modified":"2024-09-24T11:57:48","modified_gmt":"2024-09-24T14:57:48","slug":"login","status":"publish","type":"page","link":"https:\/\/jasminealimentos.com\/pro\/login\/","title":{"rendered":"Login"},"content":{"rendered":"\t\t<div data-elementor-type=\"wp-page\" data-elementor-id=\"11935\" class=\"elementor elementor-11935\" data-elementor-post-type=\"page\">\n\t\t\t\t\t\t<section class=\"has_eae_slider elementor-section elementor-top-section elementor-element elementor-element-13758bc elementor-section-boxed elementor-section-height-default elementor-section-height-default\" data-dce-background-color=\"#C80029\" data-id=\"13758bc\" data-element_type=\"section\" data-settings=\"{&quot;background_background&quot;:&quot;classic&quot;}\">\n\t\t\t\t\t\t<div class=\"elementor-container elementor-column-gap-default\">\n\t\t\t\t\t<div class=\"has_eae_slider elementor-column elementor-col-100 elementor-top-column elementor-element elementor-element-78ca7d7\" data-id=\"78ca7d7\" data-element_type=\"column\">\n\t\t\t<div class=\"elementor-widget-wrap elementor-element-populated\">\n\t\t\t\t\t\t<div class=\"elementor-element elementor-element-8a133d6 elementor-widget elementor-widget-heading\" data-id=\"8a133d6\" data-element_type=\"widget\" data-widget_type=\"heading.default\">\n\t\t\t\t<div class=\"elementor-widget-container\">\n\t\t\t\t\t<h1 class=\"elementor-heading-title elementor-size-default\">Login<\/h1>\t\t\t\t<\/div>\n\t\t\t\t<\/div>\n\t\t\t\t\t<\/div>\n\t\t<\/div>\n\t\t\t\t\t<\/div>\n\t\t<\/section>\n\t\t<div class=\"has_eae_slider elementor-element elementor-element-0ff395c e-con-full e-flex e-con e-parent\" data-id=\"0ff395c\" data-element_type=\"container\">\n\t\t<div class=\"has_eae_slider elementor-element elementor-element-99b4eea .box-login e-con-full e-flex e-con e-child\" data-dce-background-color=\"#FFFFFF\" data-id=\"99b4eea\" data-element_type=\"container\" data-settings=\"{&quot;background_background&quot;:&quot;classic&quot;}\">\n\t\t\t\t<div class=\"elementor-element elementor-element-41bc54f elementor-hidden-desktop elementor-hidden-tablet elementor-hidden-mobile elementor-widget elementor-widget-eael-login-register\" data-id=\"41bc54f\" data-element_type=\"widget\" data-widget_type=\"eael-login-register.default\">\n\t\t\t\t<div class=\"elementor-widget-container\">\n\t\t\t\t\t        <div class=\"eael-login-registration-wrapper \"\n             data-is-ajax=\"\"\n             data-widget-id=\"41bc54f\"\n             data-recaptcha-sitekey=\"\"\n\t\t\t data-recaptcha-sitekey-v3=\"\"\n\t\t\t data-login-recaptcha-version=\"v2\"\n\t\t\t data-register-recaptcha-version=\"v2\"\n             data-redirect-to=\"\"\n             data-resetpassword-redirect-to=\"\"\n        >\n\t\t\t            <section\n                    id=\"eael-login-form-wrapper\"\n                    class=\"\"\n                    data-recaptcha-theme=\"light\"\n                    data-recaptcha-size=\"normal\">\n                <div class=\"eael-login-form-wrapper eael-lr-form-wrapper style-2 \">\n\t\t\t\t\t                        <div class=\"lr-form-wrapper\">\n\t\t\t\t\t\t\t\t\t\t\t\t\t\t                            <form class=\"eael-login-form eael-lr-form\"\n                                  id=\"eael-login-form\"\n                                  method=\"post\">\n\t\t\t\t\t\t\t\t                                <div class=\"eael-lr-form-group eael-user-login\">\n\t\t\t\t\t\t\t\t\t<label for=\"eael-user-login\" class=\"eael-field-label\">Nome de usu\u00e1rio ou endere\u00e7o de e-mail<\/label>                                    <input type=\"text\"\n                                           name=\"eael-user-login\"\n                                           id=\"eael-user-login\"\n                                           class=\"eael-lr-form-control\"\n                                           placeholder=\"Nome de usu\u00e1rio ou endere\u00e7o de e-mail\"\n                                           required>\n\t\t\t\t\t\t\t\t\t                                <\/div>\n                                <div class=\"eael-lr-form-group eael-user-password\">\n\t\t\t\t\t\t\t\t\t<label for=\"eael-user-password\" class=\"eael-field-label\">Senha<\/label>                                    <div class=\"eael-lr-password-wrapper\">\n                                        <input type=\"password\"\n                                               name=\"eael-user-password\"\n                                               class=\"eael-lr-form-control\"\n                                               id=\"eael-user-password\"\n                                               placeholder=\"Senha\"\n                                               required>\n\t\t\t\t\t\t\t\t\t\t                                            <button type=\"button\"\n                                                    id=\"wp-hide-pw\"\n                                                    class=\"wp-hide-pw hide-if-no-js\"\n                                                    aria-label=\"Show password\">\n                                                <span class=\"dashicons dashicons-visibility\"\n                                                      aria-hidden=\"true\"><\/span>\n                                            <\/button>\n\t\t\t\t\t\t\t\t\t\t\t\t\t\t\t\t\t\t\t\t                                    <\/div>\n                                <\/div>\n                                <div class=\"eael-forever-forget eael-lr-form-group\">\n\t\t\t\t\t\t\t\t\t                                        <p class=\"forget-menot\">\n                                            <input name=\"eael-rememberme\"\n                                                   type=\"checkbox\"\n                                                   id=\"rememberme\"\n\t\t\t\t\t\t\t\t\t\t\t\t                                                      class=\"remember-me \"\n                                                   value=\"forever\">\n                                            <label for=\"rememberme\"\n                                                   class=\"eael-checkbox-label rememberme\">Lembre de mim<\/label>\n                                        <\/p>\n\t\t\t\t\t\t\t\t\t<p class=\"forget-pass\"><a href=\"https:\/\/jasminealimentos.com\/pro\/minha-conta\/recuperar-senha\/\">Esqueceu a senha?<\/a><\/p>\n                                <\/div>\n\n\t\t\t\t\t\t\t\t\n\n                                <div class=\"eael-lr-footer\">\n\t\t\t\t\t\t\t\t\t<div class=\"eael-lr-form-loader-wrapper\">\n                                    \t<input type=\"submit\"\n                                           name=\"eael-login-submit\"\n                                           id=\"eael-login-submit\"\n                                           class=\"g-recaptcha eael-lr-btn eael-lr-btn-block \"\n                                           value=\"Acessar\"\/>\n\t\t\t\t\t\t\t\t\t\t\n\t\t\t\t\t\t\t\t\t\t\n\t\t\t\t\t\t\t\t\t<\/div>\n\t\t\t\t\t\t\t\t\t                                        <div class=\"eael-sign-wrapper \">\n\t\t\t\t\t\t\t\t\t\t\t<span class=\"d-ib\"> <\/span> <a href=\"\" id=\"eael-lr-reg-toggle\" class=\"eael-lr-link\" data-action=\"form\">Cadastrar agora<\/a>                                        <\/div>\n\t\t\t\t\t\t\t\t\t\n                                <\/div>\n\t\t\t\t\t\t\t\t                                <div class=\"eael-form-validation-container\">\n\t\t\t\t\t\t\t\t\t                                <\/div>\n\t\t\t\t\t\t\t\t                <input type=\"hidden\"\n                       name=\"redirect_to\"\n                       value=\"\">\n\t\t\t\t\t\t\t<input type=\"hidden\"\n\t\t\t\t\tname=\"redirect_to_prev_page_login\"\n\t\t\t\t\tvalue=\"\">\n\t\t\t<input type=\"hidden\" id=\"eael-login-nonce\" name=\"eael-login-nonce\" value=\"a55017c899\" \/><input type=\"hidden\" name=\"_wp_http_referer\" value=\"\/pro\/wp-json\/wp\/v2\/pages\/11935\" \/>        <input type=\"hidden\"\n               name=\"page_id\"\n               value=\"11935\">\n\t\t<input type=\"hidden\"\n               name=\"page_id_for_popup\"\n               value=\"11935\">\t   \n\t\t<input type=\"hidden\"\n               name=\"resetpassword_in_popup_selector\"\n               value=\"\">\n        <input type=\"hidden\"\n               name=\"widget_id\"\n               value=\"41bc54f\">\n\t\t                            <\/form>\n\t\t\t\t\t\t\t                        <\/div>\n\t\t\t\t\t\t                <\/div>\n\n            <\/section>\n\n\t\t\t<script>\n\t\t\t\tjQuery(document).ready(function($){\n\t\t\t\t\tvar eael_get_login_status = localStorage.getItem( 'eael-is-login-form' );\n\t\t\t\t\tif( eael_get_login_status === 'true' ) {\n\t\t\t\t\t\tsetTimeout(function() {\n\t\t\t\t\t\t\tvar button = jQuery('[eael-login=\"yes\"]');\n\t\t\t\t\t\t\tif( ! button.hasClass('eael-clicked') ) {\n\t\t\t\t\t\t\t\tbutton.trigger('click').addClass('eael-clicked');\n\t\t\t\t\t\t\t}\n\t\t\t\t\t\t}, 100);\n\n\t\t\t\t\t\tsetTimeout(function() {\n\t\t\t\t\t\t\tjQuery('[eael-login=\"yes\"]').removeClass('eael-clicked')\n\t\t\t\t\t\t}, 500);\n\t\t\t\t\t}\n\t\t\t\t});\n\t\t\t<\/script>\n\t\t\t            <section\n                    id=\"eael-register-form-wrapper\"\n                    class=\"eael-lr-d-none\"\n                    data-recaptcha-theme=\"light\"\n                    data-recaptcha-size=\"normal\"\n                    data-use-weak-password=\"1\"\n                    data-password-min-length=\"\"\n                    data-password-one-uppercase=\"\"\n                    data-password-one-lowercase=\"\"\n                    data-password-one-number=\"\"\n                    data-password-one-special=\"\"\n\t\t\t\t\t>\n                <div class=\"eael-register-form-wrapper eael-lr-form-wrapper style-2 \">\n\t\t\t\t\t                    <div class=\"lr-form-wrapper\">\n\t\t\t\t\t\t                        <form class=\"eael-register-form eael-lr-form\"\n                              id=\"eael-register-form\"\n                              method=\"post\"\n\t\t\t\t\t\t\t  \t\t\t\t\t\t\t  >\n\t\t\t\t\t\t\t\t\t\t\t\t\t\t                                <div class=\"eael-lr-form-group elementor-repeater-item-f98561d eael-field-type-user_name\">\n\t\t\t\t\t\t\t\t\t<label for=\"form-field-user_name\" class=\"eael-field-label\">Nome de usu\u00e1rio<\/label><input name=\"user_name\" type=\"text\" placeholder=\"Nome de usu\u00e1rio\" class=\"eael-lr-form-control form-field-user_name\" id=\"form-field-user_name\">\n\t\t\t\t\t\t\t\t<\/div>                                <div class=\"eael-lr-form-group elementor-repeater-item-0c75efe eael-field-type-email\">\n\t\t\t\t\t\t\t\t\t<label for=\"form-field-email\" class=\"eael-field-label\">E-mail<\/label><input name=\"email\" type=\"email\" placeholder=\"E-mail\" class=\"eael-lr-form-control form-field-email\" id=\"form-field-email\" required=\"required\" aria-required=\"true\">\n\t\t\t\t\t\t\t\t<\/div>                                <div class=\"eael-lr-form-group elementor-repeater-item-df91145 eael-field-type-password\">\n\t\t\t\t\t\t\t\t\t<label for=\"form-field-password\" class=\"eael-field-label\">Senha<\/label><div class=\"eael-lr-password-wrapper-register\"><input name=\"password\" type=\"password\" placeholder=\"Senha\" class=\"eael-lr-form-control form-field-password\" id=\"form-field-password\" required=\"required\" aria-required=\"true\"><\/div>\n\t\t\t\t\t\t\t\t<\/div><input type=\"hidden\" id=\"eael-register-nonce\" name=\"eael-register-nonce\" value=\"3317a8f861\" \/><input type=\"hidden\" name=\"_wp_http_referer\" value=\"\/pro\/wp-json\/wp\/v2\/pages\/11935\" \/>        <input type=\"hidden\"\n               name=\"page_id\"\n               value=\"11935\">\n\t\t<input type=\"hidden\"\n               name=\"page_id_for_popup\"\n               value=\"11935\">\t   \n\t\t<input type=\"hidden\"\n               name=\"resetpassword_in_popup_selector\"\n               value=\"\">\n        <input type=\"hidden\"\n               name=\"widget_id\"\n               value=\"41bc54f\">\n\t\t\n                            <div class=\"eael-lr-footer\">\n\t\t\t\t\t\t\t\t<div class=\"eael-lr-form-loader-wrapper\">\n                                \t<input type=\"submit\"\n                                       name=\"eael-register-submit\"\n                                       id=\"eael-register-submit\"\n                                       class=\"eael-lr-btn eael-lr-btn-block\"\n                                       value=\"Cadastrar\"\/>\n\t\t\t\t\t\t\t\t\t\t\n\t\t\t\t\t\t\t\t\t\n\t\t\t\t\t\t\t\t<\/div>\n\t\t\t\t\t\t\t\t                                    <div class=\"eael-sign-wrapper \">\n\t\t\t\t\t\t\t\t\t\t<span class=\"d-ib\"> <\/span> <a href=\"\" id=\"eael-lr-login-toggle\" class=\"eael-lr-link\" data-action=\"form\">Acessar<\/a>                                    <\/div>\n\t\t\t\t\t\t\t\t                            <\/div>\n\n\t\t\t\t\t\t\t\n                            <div class=\"eael-form-validation-container\">\n\t\t\t\t\t\t\t\t                            <\/div>\n\t\t\t\t\t\t\t                        <\/form>\n\t\t\t\t\t\t                    <\/div>\n\t\t\t\t\t                <\/div>\n            <\/section>\n\t\t\t            <section\n                    id=\"eael-lostpassword-form-wrapper\"\n                    class=\"eael-lr-d-none\"\n                    >\n                <div class=\"eael-lostpassword-form-wrapper eael-lr-form-wrapper style-2 \">\n\t\t\t\t\t\t\t\t\t\t<div class=\"lr-form-wrapper\">\n\t\t\t\t\t\t\t\t\t\t\t\t\t\t\t\t\t\t<form class=\"eael-lostpassword-form eael-lr-form\"\n\t\t\t\t\t\t\t  id=\"eael-lostpassword-form\"\n\t\t\t\t\t\t\t  method=\"post\">\n\t\t\t\t\t\t\t\t\t\t\t\t\t\t<div class=\"eael-lr-form-group \">\n\t\t\t\t\t\t\t\t<label for=\"eael-user-lostpassword\" class=\"eael-field-label\">Nome de usu\u00e1rio ou endere\u00e7o de e-mail<\/label>\t\t\t\t\t\t\t\t<input type=\"text\"\n\t\t\t\t\t\t\t\t\t   name=\"eael-user-lostpassword\"\n\t\t\t\t\t\t\t\t\t   id=\"eael-user-lostpassword\"\n\t\t\t\t\t\t\t\t\t   class=\"eael-lr-form-control\"\n\t\t\t\t\t\t\t\t\t   placeholder=\"Nome de usu\u00e1rio ou endere\u00e7o de e-mail\"\n\t\t\t\t\t\t\t\t\t   required>\n\t\t\t\t\t\t\t\t\t\t\t\t\t\t\t<\/div>\n\n\t\t\t\t\t\t\t\n\t\t\t\t\t\t\t<div class=\"eael-lr-footer\">\n\t\t\t\t\t\t\t\t<input type=\"submit\"\n\t\t\t\t\t\t\t\t\t   name=\"eael-lostpassword-submit\"\n\t\t\t\t\t\t\t\t\t   id=\"eael-lostpassword-submit\"\n\t\t\t\t\t\t\t\t\t   class=\"eael-lr-btn eael-lr-btn-block   \"\n\t\t\t\t\t\t\t\t\t   value=\"Redefinir senha\"\/>\n\t\t\t\t\t\t\t\t\t\t\t\t\t\t\t\t\t<div class=\"eael-sign-wrapper \">\n\t\t\t\t\t\t\t\t\t\t<span class=\"d-ib\"> <\/span> <a href=\"\" id=\"eael-lr-login-toggle-lostpassword\" class=\"eael-lr-link\" data-action=\"form\">Acessar<\/a>\t\t\t\t\t\t\t\t\t<\/div>\n\t\t\t\t\t\t\t\t\n\t\t\t\t\t\t\t<\/div>\n\t\t\t\t\t\t\t\t\t\t\t\t\t\t<div class=\"eael-form-validation-container\">\n\t\t\t\t\t\t\t\t\t\t\t\t\t\t\t<\/div>\n\t\t\t\t\t\t\t<input type=\"hidden\" id=\"eael-lostpassword-nonce\" name=\"eael-lostpassword-nonce\" value=\"cf53c97818\" \/><input type=\"hidden\" name=\"_wp_http_referer\" value=\"\/pro\/wp-json\/wp\/v2\/pages\/11935\" \/>        <input type=\"hidden\"\n               name=\"page_id\"\n               value=\"11935\">\n\t\t<input type=\"hidden\"\n               name=\"page_id_for_popup\"\n               value=\"11935\">\t   \n\t\t<input type=\"hidden\"\n               name=\"resetpassword_in_popup_selector\"\n               value=\"\">\n        <input type=\"hidden\"\n               name=\"widget_id\"\n               value=\"41bc54f\">\n\t\t\t\t\t\t\t\t<\/form>\n\t\t\t\t\t\t\t\t\t\t\t<\/div>\n\t\t\t\t\t                <\/div>\n\n            <\/section>\n\t\t\t        <\/div>\n\n\t\t\t\t\t\t<\/div>\n\t\t\t\t<\/div>\n\t\t\t\t<div class=\"elementor-element elementor-element-4d58b3b elementor-widget elementor-widget-shortcode\" data-id=\"4d58b3b\" data-element_type=\"widget\" data-widget_type=\"shortcode.default\">\n\t\t\t\t<div class=\"elementor-widget-container\">\n\t\t\t\t\t\n        <form class=\"akm-formLogin\" name=\"formLogin\" method=\"POST\">\n            <label for=\"username\">Nome de usu\u00e1rio:<\/label>\n            <input type=\"text\" name=\"username\" id=\"username\">\n\n            <label for=\"password\">Senha<\/label>\n            <input type=\"password\" name=\"password\" id=\"password\">\n\n            <label for=\"rememberme\">\n                <input class=\"akm-rememberme\" name=\"rememberme\" type=\"checkbox\" id=\"rememberme\" value=\"forever\" \/>\n                Lembrar-me\n            <\/label><br>\n\t\t\t<br>\n            <input class=\"akm-btnSubmit\" type=\"submit\" name=\"formLogin\" value=\"Login\" style=\"width: 100%\">\n        <\/form>\n\n    \t\t<div class=\"elementor-shortcode\"><\/div>\n\t\t\t\t\t\t<\/div>\n\t\t\t\t<\/div>\n\t\t\t\t<div class=\"elementor-element elementor-element-2722998 elementor-widget elementor-widget-text-editor\" data-id=\"2722998\" data-element_type=\"widget\" data-widget_type=\"text-editor.default\">\n\t\t\t\t<div class=\"elementor-widget-container\">\n\t\t\t\t\t\t\t\t\t<a href=\"https:\/\/jasminealimentos.com\/pro\/recuperar-senha\/\">Esqueceu sua senha?<\/a>\t\t\t\t\t\t\t\t<\/div>\n\t\t\t\t<\/div>\n\t\t\t\t<div class=\"elementor-element elementor-element-1b78b8f elementor-widget elementor-widget-text-editor\" data-id=\"1b78b8f\" data-element_type=\"widget\" data-widget_type=\"text-editor.default\">\n\t\t\t\t<div class=\"elementor-widget-container\">\n\t\t\t\t\t\t\t\t\t<p><a href=\"https:\/\/jasminealimentos.com\/pro\/cadastre-se\/\">Cadastre-se<\/a><\/p>\t\t\t\t\t\t\t\t<\/div>\n\t\t\t\t<\/div>\n\t\t\t\t<div class=\"elementor-element elementor-element-f99ed1f elementor-widget elementor-widget-html\" data-id=\"f99ed1f\" data-element_type=\"widget\" data-widget_type=\"html.default\">\n\t\t\t\t<div class=\"elementor-widget-container\">\n\t\t\t\t\t<script>\n\/*document.addEventListener('DOMContentLoaded', function () {\n    let loginWrapper = document.getElementById('eael-login-form-wrapper');\n    \n    if (loginWrapper && loginWrapper.innerText.includes(\"Voc\u00ea j\u00e1 est\u00e1 conectado\")) {\n        let referer = document.referrer;\n        \n        if (referer) {\n            window.location.href = referer;\n        }\n    }\n});*\/\n<\/script>\t\t\t\t<\/div>\n\t\t\t\t<\/div>\n\t\t\t\t<\/div>\n\t\t\t\t<\/div>\n\t\t\t\t<\/div>\n\t\t","protected":false},"excerpt":{"rendered":"<p>Login Voc\u00ea j\u00e1 est\u00e1 conectado como Ti AKm. (Sair) Nome de usu\u00e1rio E-mail Senha Acessar Nome de usu\u00e1rio ou endere\u00e7o de e-mail Acessar Esqueceu sua senha? Cadastre-se<\/p>\n","protected":false},"author":2,"featured_media":0,"parent":0,"menu_order":0,"comment_status":"closed","ping_status":"closed","template":"","meta":{"footnotes":""},"class_list":["post-11935","page","type-page","status-publish","hentry"],"yoast_head":"<!-- This site is optimized with the Yoast SEO plugin v25.0 - https:\/\/yoast.com\/wordpress\/plugins\/seo\/ -->\n<title>Login - Portal Jasmine Pro<\/title>\n<meta name=\"robots\" content=\"index, follow, max-snippet:-1, max-image-preview:large, max-video-preview:-1\" \/>\n<link rel=\"canonical\" href=\"https:\/\/jasminealimentos.com\/pro\/login\/\" \/>\n<meta property=\"og:locale\" content=\"pt_BR\" \/>\n<meta property=\"og:type\" content=\"article\" \/>\n<meta property=\"og:title\" content=\"Login - Portal Jasmine Pro\" \/>\n<meta property=\"og:description\" content=\"Login Voc\u00ea j\u00e1 est\u00e1 conectado como Ti AKm. (Sair) Nome de usu\u00e1rio E-mail Senha Acessar Nome de usu\u00e1rio ou endere\u00e7o de e-mail Acessar Esqueceu sua senha? Cadastre-se\" \/>\n<meta property=\"og:url\" content=\"https:\/\/jasminealimentos.com\/pro\/login\/\" \/>\n<meta property=\"og:site_name\" content=\"Portal Jasmine Pro\" \/>\n<meta property=\"article:modified_time\" content=\"2024-09-24T14:57:48+00:00\" \/>\n<meta property=\"og:image\" content=\"https:\/\/jasminealimentos.com\/pro\/wp-content\/uploads\/2021\/07\/fundo-vermelho.png\" \/>\n\t<meta property=\"og:image:width\" content=\"2000\" \/>\n\t<meta property=\"og:image:height\" content=\"1125\" \/>\n\t<meta property=\"og:image:type\" content=\"image\/png\" \/>\n<meta name=\"twitter:card\" content=\"summary_large_image\" \/>\n<meta name=\"twitter:label1\" content=\"Est. tempo de leitura\" \/>\n\t<meta name=\"twitter:data1\" content=\"1 minuto\" \/>\n<script type=\"application\/ld+json\" class=\"yoast-schema-graph\">{\"@context\":\"https:\/\/schema.org\",\"@graph\":[{\"@type\":\"WebPage\",\"@id\":\"https:\/\/jasminealimentos.com\/pro\/login\/\",\"url\":\"https:\/\/jasminealimentos.com\/pro\/login\/\",\"name\":\"Login - Portal Jasmine Pro\",\"isPartOf\":{\"@id\":\"https:\/\/jasminealimentos.com\/pro\/#website\"},\"datePublished\":\"2022-06-29T18:28:27+00:00\",\"dateModified\":\"2024-09-24T14:57:48+00:00\",\"breadcrumb\":{\"@id\":\"https:\/\/jasminealimentos.com\/pro\/login\/#breadcrumb\"},\"inLanguage\":\"pt-BR\",\"potentialAction\":[{\"@type\":\"ReadAction\",\"target\":[\"https:\/\/jasminealimentos.com\/pro\/login\/\"]}]},{\"@type\":\"BreadcrumbList\",\"@id\":\"https:\/\/jasminealimentos.com\/pro\/login\/#breadcrumb\",\"itemListElement\":[{\"@type\":\"ListItem\",\"position\":1,\"name\":\"In\u00edcio\",\"item\":\"https:\/\/jasminealimentos.com\/pro\/\"},{\"@type\":\"ListItem\",\"position\":2,\"name\":\"Login\"}]},{\"@type\":\"WebSite\",\"@id\":\"https:\/\/jasminealimentos.com\/pro\/#website\",\"url\":\"https:\/\/jasminealimentos.com\/pro\/\",\"name\":\"Portal Jasmine Pro\",\"description\":\"Novo Portal Cient\u00edfico\",\"publisher\":{\"@id\":\"https:\/\/jasminealimentos.com\/pro\/#organization\"},\"potentialAction\":[{\"@type\":\"SearchAction\",\"target\":{\"@type\":\"EntryPoint\",\"urlTemplate\":\"https:\/\/jasminealimentos.com\/pro\/?s={search_term_string}\"},\"query-input\":{\"@type\":\"PropertyValueSpecification\",\"valueRequired\":true,\"valueName\":\"search_term_string\"}}],\"inLanguage\":\"pt-BR\"},{\"@type\":\"Organization\",\"@id\":\"https:\/\/jasminealimentos.com\/pro\/#organization\",\"name\":\"Portal Jasmine Pro\",\"url\":\"https:\/\/jasminealimentos.com\/pro\/\",\"logo\":{\"@type\":\"ImageObject\",\"inLanguage\":\"pt-BR\",\"@id\":\"https:\/\/jasminealimentos.com\/pro\/#\/schema\/logo\/image\/\",\"url\":\"https:\/\/jasminealimentos.com\/pro\/wp-content\/uploads\/2021\/05\/Grupo-3.png\",\"contentUrl\":\"https:\/\/jasminealimentos.com\/pro\/wp-content\/uploads\/2021\/05\/Grupo-3.png\",\"width\":178,\"height\":47,\"caption\":\"Portal Jasmine Pro\"},\"image\":{\"@id\":\"https:\/\/jasminealimentos.com\/pro\/#\/schema\/logo\/image\/\"}}]}<\/script>\n<!-- \/ Yoast SEO plugin. -->","yoast_head_json":{"title":"Login - Portal Jasmine Pro","robots":{"index":"index","follow":"follow","max-snippet":"max-snippet:-1","max-image-preview":"max-image-preview:large","max-video-preview":"max-video-preview:-1"},"canonical":"https:\/\/jasminealimentos.com\/pro\/login\/","og_locale":"pt_BR","og_type":"article","og_title":"Login - Portal Jasmine Pro","og_description":"Login Voc\u00ea j\u00e1 est\u00e1 conectado como Ti AKm. (Sair) Nome de usu\u00e1rio E-mail Senha Acessar Nome de usu\u00e1rio ou endere\u00e7o de e-mail Acessar Esqueceu sua senha? Cadastre-se","og_url":"https:\/\/jasminealimentos.com\/pro\/login\/","og_site_name":"Portal Jasmine Pro","article_modified_time":"2024-09-24T14:57:48+00:00","og_image":[{"width":2000,"height":1125,"url":"https:\/\/jasminealimentos.com\/pro\/wp-content\/uploads\/2021\/07\/fundo-vermelho.png","type":"image\/png"}],"twitter_card":"summary_large_image","twitter_misc":{"Est. tempo de leitura":"1 minuto"},"schema":{"@context":"https:\/\/schema.org","@graph":[{"@type":"WebPage","@id":"https:\/\/jasminealimentos.com\/pro\/login\/","url":"https:\/\/jasminealimentos.com\/pro\/login\/","name":"Login - Portal Jasmine Pro","isPartOf":{"@id":"https:\/\/jasminealimentos.com\/pro\/#website"},"datePublished":"2022-06-29T18:28:27+00:00","dateModified":"2024-09-24T14:57:48+00:00","breadcrumb":{"@id":"https:\/\/jasminealimentos.com\/pro\/login\/#breadcrumb"},"inLanguage":"pt-BR","potentialAction":[{"@type":"ReadAction","target":["https:\/\/jasminealimentos.com\/pro\/login\/"]}]},{"@type":"BreadcrumbList","@id":"https:\/\/jasminealimentos.com\/pro\/login\/#breadcrumb","itemListElement":[{"@type":"ListItem","position":1,"name":"In\u00edcio","item":"https:\/\/jasminealimentos.com\/pro\/"},{"@type":"ListItem","position":2,"name":"Login"}]},{"@type":"WebSite","@id":"https:\/\/jasminealimentos.com\/pro\/#website","url":"https:\/\/jasminealimentos.com\/pro\/","name":"Portal Jasmine Pro","description":"Novo Portal Cient\u00edfico","publisher":{"@id":"https:\/\/jasminealimentos.com\/pro\/#organization"},"potentialAction":[{"@type":"SearchAction","target":{"@type":"EntryPoint","urlTemplate":"https:\/\/jasminealimentos.com\/pro\/?s={search_term_string}"},"query-input":{"@type":"PropertyValueSpecification","valueRequired":true,"valueName":"search_term_string"}}],"inLanguage":"pt-BR"},{"@type":"Organization","@id":"https:\/\/jasminealimentos.com\/pro\/#organization","name":"Portal Jasmine Pro","url":"https:\/\/jasminealimentos.com\/pro\/","logo":{"@type":"ImageObject","inLanguage":"pt-BR","@id":"https:\/\/jasminealimentos.com\/pro\/#\/schema\/logo\/image\/","url":"https:\/\/jasminealimentos.com\/pro\/wp-content\/uploads\/2021\/05\/Grupo-3.png","contentUrl":"https:\/\/jasminealimentos.com\/pro\/wp-content\/uploads\/2021\/05\/Grupo-3.png","width":178,"height":47,"caption":"Portal Jasmine Pro"},"image":{"@id":"https:\/\/jasminealimentos.com\/pro\/#\/schema\/logo\/image\/"}}]}},"_links":{"self":[{"href":"https:\/\/jasminealimentos.com\/pro\/wp-json\/wp\/v2\/pages\/11935","targetHints":{"allow":["GET"]}}],"collection":[{"href":"https:\/\/jasminealimentos.com\/pro\/wp-json\/wp\/v2\/pages"}],"about":[{"href":"https:\/\/jasminealimentos.com\/pro\/wp-json\/wp\/v2\/types\/page"}],"author":[{"embeddable":true,"href":"https:\/\/jasminealimentos.com\/pro\/wp-json\/wp\/v2\/users\/2"}],"replies":[{"embeddable":true,"href":"https:\/\/jasminealimentos.com\/pro\/wp-json\/wp\/v2\/comments?post=11935"}],"version-history":[{"count":57,"href":"https:\/\/jasminealimentos.com\/pro\/wp-json\/wp\/v2\/pages\/11935\/revisions"}],"predecessor-version":[{"id":33278,"href":"https:\/\/jasminealimentos.com\/pro\/wp-json\/wp\/v2\/pages\/11935\/revisions\/33278"}],"wp:attachment":[{"href":"https:\/\/jasminealimentos.com\/pro\/wp-json\/wp\/v2\/media?parent=11935"}],"curies":[{"name":"wp","href":"https:\/\/api.w.org\/{rel}","templated":true}]}}